{"id":280,"date":"2021-07-12T13:24:02","date_gmt":"2021-07-12T11:24:02","guid":{"rendered":"https:\/\/www.hotelvieuxsaule.com\/new\/situation\/"},"modified":"2021-09-09T05:44:58","modified_gmt":"2021-09-09T03:44:58","slug":"location","status":"publish","type":"page","link":"https:\/\/www.hotelvieuxsaule.com\/ja\/location\/","title":{"rendered":"Situation"},"content":{"rendered":"\n\t<section class=\"section bg-rooms\" id=\"section_609735237\">\n\t\t<div class=\"bg section-bg fill bg-fill  bg-loaded\" >\n\n\t\t\t\n\t\t\t<div class=\"section-bg-overlay absolute fill\"><\/div>\n\t\t\t\n\n\t\t<\/div>\n\n\t\t<div class=\"section-content relative\">\n\t\t\t\n\n\n\t\t<\/div>\n\n\t\t\n<style>\n#section_609735237 {\n  padding-top: 30px;\n  padding-bottom: 30px;\n}\n#section_609735237 .section-bg-overlay {\n  background-color: rgba(54, 42, 27, 0.3);\n}\n<\/style>\n\t<\/section>\n\t\n\t<section class=\"section\" id=\"section_1524455762\">\n\t\t<div class=\"bg section-bg fill bg-fill  bg-loaded\" >\n\n\t\t\t\n\t\t\t\n\t\t\t\n\n\t\t<\/div>\n\n\t\t<div class=\"section-content relative\">\n\t\t\t\n\n<div class=\"row row-collapse row-full-width align-center\"  id=\"row-1337694485\">\n\n\n\t<div id=\"col-552676826\" class=\"col small-12 large-12\"  >\n\t\t<div class=\"col-inner\" style=\"background-color:rgb(255,255,255);\" >\n\t\t\t\n\t\t\t\n\n<p><iframe loading=\"lazy\" width=\"100%\" height=\"350\" frameborder=\"0\" scrolling=\"no\" marginheight=\"0\" marginwidth=\"0\" src=\"https:\/\/maps.google.fr\/maps?f=q&amp;source=s_q&amp;hl=fr&amp;geocode=&amp;q=6+Rue+de+Picardie,+75003+Paris&amp;aq=&amp;sll=48.863331,2.362254&amp;sspn=0.011914,0.027874&amp;ie=UTF8&amp;hq=&amp;hnear=6+Rue+de+Picardie,+75003+Paris,+%C3%8Ele-de-France&amp;t=m&amp;ll=48.862343,2.358713&amp;spn=0.035009,0.081453&amp;z=14&amp;iwloc=A&amp;output=embed\"><\/iframe><\/p>\n\n\t\t<\/div>\n\t\t\n<style>\n#col-552676826 > .col-inner {\n  padding: 0px 0px 0px 0px;\n  margin: 180px 0px 0px 0px;\n}\n<\/style>\n\t<\/div>\n\n\t\n\n<\/div>\n\n\t\t<\/div>\n\n\t\t\n<style>\n#section_1524455762 {\n  padding-top: 30px;\n  padding-bottom: 30px;\n}\n<\/style>\n\t<\/section>\n\t\n\t<section class=\"section\" id=\"section_1055777032\">\n\t\t<div class=\"bg section-bg fill bg-fill  bg-loaded\" >\n\n\t\t\t\n\t\t\t\n\t\t\t\n\n\t\t<\/div>\n\n\t\t<div class=\"section-content relative\">\n\t\t\t\n\n<div class=\"row row-collapse\"  id=\"row-1889550798\">\n\n\n\t<div id=\"col-440270751\" class=\"col small-12 large-12\"  >\n\t\t<div class=\"col-inner\"  >\n\t\t\t\n\t\t\t\n\n<h3 style=\"text-align: center;\">\u30ed\u30b1\u30fc\u30b7\u30e7\u30f3 \u2022 \u30a2\u30af\u30bb\u30b9\u30de\u30c3\u30d7<\/h3>\n<p>\u30db\u30c6\u30eb\u30fb\u30c7\u30e5\u30fb\u30f4\u30e5\u30fc\u30fb\u30bd\u30fc\u30eb\u306f\u30d1\u30ea\u306e\u30de\u30ec\u5730\u533a\u3001\uff13\u533a\u306e\u9759\u304b\u306a\u901a\u308a\u306b\u3042\u308a\u3001\u5f92\u6b6915\u5206\u306e\u8ddd\u96e2\u306b\u30dd\u30f3\u30d4\u30c9\u30a5\u30fc\u30bb\u30f3\u30bf\u30fc\u3001\u30ce\u30fc\u30c8\u30eb\u30c0\u30e0\u5927\u8056\u5802\u3001\u30f4\u30a9\u30fc\u30b8\u30e5\u5e83\u5834\u3001\u30aa\u30da\u30e9\u30fb\u30d0\u30b9\u30c1\u30fc\u30e6\u3001\u30a2\u30af\u30bb\u30b5\u30ea\u30fc\u30b7\u30e7\u30c3\u30d7\u306e\u7acb\u3061\u4e26\u3076\u5730\u533a\u306a\u3069\u304c\u3042\u308a\u307e\u3059\u3002<\/p>\n<p><strong>\u5730\u4e0b\u9244<\/strong>\uff1a\u30d5\u30a3\u30fc\u30e6\u30fb\u30c7\u30e5\u30fb\u30ab\u30eb\u30f4\u30a7\u30fc\u30eb\u99c5\/ Filles du Calvaire\uff088\u53f7\u7dda\uff09<\/p>\n<p><img decoding=\"async\" class=\"alignright size-medium wp-image-103\" style=\"margin-bottom: 20px;\" src=\"https:\/\/www.hotelvieuxsaule.com\/wp-content\/uploads\/2021\/07\/hotel-du-vieux-saule-paris-parc-alentour-300x200.jpg\" alt=\"H\u00f4tel du Vieux Saule Paris\" width=\"300\" height=\"200\" srcset=\"https:\/\/www.hotelvieuxsaule.com\/wp-content\/uploads\/2021\/07\/hotel-du-vieux-saule-paris-parc-alentour-300x200.jpg 300w, https:\/\/www.hotelvieuxsaule.com\/wp-content\/uploads\/2021\/07\/hotel-du-vieux-saule-paris-parc-alentour-1024x683.jpg 1024w, https:\/\/www.hotelvieuxsaule.com\/wp-content\/uploads\/2021\/07\/hotel-du-vieux-saule-paris-parc-alentour-768x512.jpg 768w, https:\/\/www.hotelvieuxsaule.com\/wp-content\/uploads\/2021\/07\/hotel-du-vieux-saule-paris-parc-alentour.jpg 1500w\" sizes=\"(max-width: 300px) 100vw, 300px\" \/><\/p>\n<h1>\u7a7a\u6e2f\u3084\u9244\u9053\u99c5\u304b\u3089\u30db\u30c6\u30eb\u3078\u306e\u30a2\u30af\u30bb\u30b9 :<\/h1>\n<p><strong>\u5317\u99c5\/Gare du Nord\u304a\u3088\u3073\u6771\u99c5\/Gare de l&#8217;est\u304b\u3089\uff1a<\/strong>5\u53f7\u7dda\uff1d10\u5206<br \/><strong>\u30ea\u30e8\u30f3\u99c5\/Gare de Lyon\u304b\u3089\uff1a<\/strong>\u00a0\u30d0\u30b920\u53f7\u7dda\uff1d15\u5206<br \/><strong>\u30b5\u30f3\u30fb\u30e9\u30b6\u30fc\u30eb\u99c5\/Gare Saint Lazare\u304b\u3089\uff1a<\/strong>\u00a03\u53f7\u7dda\uff1d20\u5206<\/p>\n<p><strong>\u30b7\u30e3\u30eb\u30eb\u30c9\u30b4\u30fc\u30eb\u7a7a\u6e2f\u304b\u3089<\/strong>\u00a0\uff1d45\u5206<br \/><strong>\u30aa\u30eb\u30ea\u30fc\u7a7a\u6e2f\u304b\u3089<\/strong>\uff1d45\u5206<\/p>\n\n\t\t<\/div>\n\t\t\n<style>\n#col-440270751 > .col-inner {\n  padding: 20px 20px 20px 20px;\n}\n<\/style>\n\t<\/div>\n\n\t\n\n\n<style>\n#row-1889550798 > .col > .col-inner {\n  background-color: rgb(255,255,255);\n}\n<\/style>\n<\/div>\n\n\t\t<\/div>\n\n\t\t\n<style>\n#section_1055777032 {\n  padding-top: 30px;\n  padding-bottom: 30px;\n}\n<\/style>\n\t<\/section>\n\t\n\n","protected":false},"excerpt":{"rendered":"","protected":false},"author":1,"featured_media":0,"parent":0,"menu_order":0,"comment_status":"closed","ping_status":"closed","template":"page-transparent-header.php","meta":{"footnotes":""},"class_list":["post-280","page","type-page","status-publish","hentry"],"yoast_head":"<!-- This site is optimized with the Yoast SEO plugin v22.2 - https:\/\/yoast.com\/wordpress\/plugins\/seo\/ -->\n<title>\u30db\u30c6\u30eb\u30fb\u30c7\u30e5\u30fb\u30f4\u30e5\u30fc\u30fb\u30bd\u30fc\u30eb\u306f\u30d1\u30ea\u306e\u30de\u30ec\u5730\u533a<\/title>\n<meta name=\"description\" content=\"\u30db\u30c6\u30eb\u30fb\u30c7\u30e5\u30fb\u30f4\u30e5\u30fc\u30fb\u30bd\u30fc\u30eb\u306f\u30d1\u30ea\u306e\u30de\u30ec\u5730\u533a\u3001\uff13\u533a\u306e\u9759\u304b\u306a\u901a\u308a\u306b\u3042\u308a\u3001\u5f92\u6b6915\u5206\u306e\u8ddd\u96e2\u306b\u30dd\u30f3\u30d4\u30c9\u30a5\u30fc\u30bb\u30f3\u30bf\u30fc\u3001\u30ce\u30fc\u30c8\u30eb\u30c0\u30e0\u5927\u8056\u5802\u3001\u30f4\u30a9\u30fc\u30b8\u30e5\u5e83\u5834\u3001\u30aa\u30da\u30e9\" \/>\n<meta name=\"robots\" content=\"index, follow, max-snippet:-1, max-image-preview:large, max-video-preview:-1\" \/>\n<link rel=\"canonical\" href=\"https:\/\/www.hotelvieuxsaule.com\/ja\/location\/\" \/>\n<meta property=\"og:locale\" content=\"ja_JP\" \/>\n<meta property=\"og:type\" content=\"article\" \/>\n<meta property=\"og:title\" content=\"\u30db\u30c6\u30eb\u30fb\u30c7\u30e5\u30fb\u30f4\u30e5\u30fc\u30fb\u30bd\u30fc\u30eb\u306f\u30d1\u30ea\u306e\u30de\u30ec\u5730\u533a\" \/>\n<meta property=\"og:description\" content=\"\u30db\u30c6\u30eb\u30fb\u30c7\u30e5\u30fb\u30f4\u30e5\u30fc\u30fb\u30bd\u30fc\u30eb\u306f\u30d1\u30ea\u306e\u30de\u30ec\u5730\u533a\u3001\uff13\u533a\u306e\u9759\u304b\u306a\u901a\u308a\u306b\u3042\u308a\u3001\u5f92\u6b6915\u5206\u306e\u8ddd\u96e2\u306b\u30dd\u30f3\u30d4\u30c9\u30a5\u30fc\u30bb\u30f3\u30bf\u30fc\u3001\u30ce\u30fc\u30c8\u30eb\u30c0\u30e0\u5927\u8056\u5802\u3001\u30f4\u30a9\u30fc\u30b8\u30e5\u5e83\u5834\u3001\u30aa\u30da\u30e9\" \/>\n<meta property=\"og:url\" content=\"https:\/\/www.hotelvieuxsaule.com\/ja\/location\/\" \/>\n<meta property=\"og:site_name\" content=\"H\u00f4tel du VIeux Saule\" \/>\n<meta property=\"article:modified_time\" content=\"2021-09-09T03:44:58+00:00\" \/>\n<meta property=\"og:image\" content=\"https:\/\/www.hotelvieuxsaule.com\/wp-content\/uploads\/2021\/07\/hotel-du-vieux-saule-paris-parc-alentour-300x200.jpg\" \/>\n<meta name=\"twitter:card\" content=\"summary_large_image\" \/>\n<meta name=\"twitter:label1\" content=\"\u63a8\u5b9a\u8aad\u307f\u53d6\u308a\u6642\u9593\" \/>\n\t<meta name=\"twitter:data1\" content=\"1\u5206\" \/>\n<script type=\"application\/ld+json\" class=\"yoast-schema-graph\">{\"@context\":\"https:\/\/schema.org\",\"@graph\":[{\"@type\":\"WebPage\",\"@id\":\"https:\/\/www.hotelvieuxsaule.com\/ja\/location\/\",\"url\":\"https:\/\/www.hotelvieuxsaule.com\/ja\/location\/\",\"name\":\"\u30db\u30c6\u30eb\u30fb\u30c7\u30e5\u30fb\u30f4\u30e5\u30fc\u30fb\u30bd\u30fc\u30eb\u306f\u30d1\u30ea\u306e\u30de\u30ec\u5730\u533a\",\"isPartOf\":{\"@id\":\"https:\/\/www.hotelvieuxsaule.com\/#website\"},\"primaryImageOfPage\":{\"@id\":\"https:\/\/www.hotelvieuxsaule.com\/ja\/location\/#primaryimage\"},\"image\":{\"@id\":\"https:\/\/www.hotelvieuxsaule.com\/ja\/location\/#primaryimage\"},\"thumbnailUrl\":\"https:\/\/www.hotelvieuxsaule.com\/wp-content\/uploads\/2021\/07\/hotel-du-vieux-saule-paris-parc-alentour-300x200.jpg\",\"datePublished\":\"2021-07-12T11:24:02+00:00\",\"dateModified\":\"2021-09-09T03:44:58+00:00\",\"description\":\"\u30db\u30c6\u30eb\u30fb\u30c7\u30e5\u30fb\u30f4\u30e5\u30fc\u30fb\u30bd\u30fc\u30eb\u306f\u30d1\u30ea\u306e\u30de\u30ec\u5730\u533a\u3001\uff13\u533a\u306e\u9759\u304b\u306a\u901a\u308a\u306b\u3042\u308a\u3001\u5f92\u6b6915\u5206\u306e\u8ddd\u96e2\u306b\u30dd\u30f3\u30d4\u30c9\u30a5\u30fc\u30bb\u30f3\u30bf\u30fc\u3001\u30ce\u30fc\u30c8\u30eb\u30c0\u30e0\u5927\u8056\u5802\u3001\u30f4\u30a9\u30fc\u30b8\u30e5\u5e83\u5834\u3001\u30aa\u30da\u30e9\",\"breadcrumb\":{\"@id\":\"https:\/\/www.hotelvieuxsaule.com\/ja\/location\/#breadcrumb\"},\"inLanguage\":\"ja\",\"potentialAction\":[{\"@type\":\"ReadAction\",\"target\":[\"https:\/\/www.hotelvieuxsaule.com\/ja\/location\/\"]}]},{\"@type\":\"ImageObject\",\"inLanguage\":\"ja\",\"@id\":\"https:\/\/www.hotelvieuxsaule.com\/ja\/location\/#primaryimage\",\"url\":\"https:\/\/www.hotelvieuxsaule.com\/wp-content\/uploads\/2021\/07\/hotel-du-vieux-saule-paris-parc-alentour.jpg\",\"contentUrl\":\"https:\/\/www.hotelvieuxsaule.com\/wp-content\/uploads\/2021\/07\/hotel-du-vieux-saule-paris-parc-alentour.jpg\",\"width\":1500,\"height\":1000,\"caption\":\"H\u00f4tel du Vieux Saule Paris\"},{\"@type\":\"BreadcrumbList\",\"@id\":\"https:\/\/www.hotelvieuxsaule.com\/ja\/location\/#breadcrumb\",\"itemListElement\":[{\"@type\":\"ListItem\",\"position\":1,\"name\":\"Accueil\",\"item\":\"https:\/\/www.hotelvieuxsaule.com\/ja\/\"},{\"@type\":\"ListItem\",\"position\":2,\"name\":\"Situation\"}]},{\"@type\":\"WebSite\",\"@id\":\"https:\/\/www.hotelvieuxsaule.com\/#website\",\"url\":\"https:\/\/www.hotelvieuxsaule.com\/\",\"name\":\"H\u00f4tel du VIeux Saule\",\"description\":\"H\u00f4tel 3 \u00e9toiles proche Paris Marais - Place des Vosges\",\"potentialAction\":[{\"@type\":\"SearchAction\",\"target\":{\"@type\":\"EntryPoint\",\"urlTemplate\":\"https:\/\/www.hotelvieuxsaule.com\/?s={search_term_string}\"},\"query-input\":\"required name=search_term_string\"}],\"inLanguage\":\"ja\"}]}<\/script>\n<!-- \/ Yoast SEO plugin. -->","yoast_head_json":{"title":"\u30db\u30c6\u30eb\u30fb\u30c7\u30e5\u30fb\u30f4\u30e5\u30fc\u30fb\u30bd\u30fc\u30eb\u306f\u30d1\u30ea\u306e\u30de\u30ec\u5730\u533a","description":"\u30db\u30c6\u30eb\u30fb\u30c7\u30e5\u30fb\u30f4\u30e5\u30fc\u30fb\u30bd\u30fc\u30eb\u306f\u30d1\u30ea\u306e\u30de\u30ec\u5730\u533a\u3001\uff13\u533a\u306e\u9759\u304b\u306a\u901a\u308a\u306b\u3042\u308a\u3001\u5f92\u6b6915\u5206\u306e\u8ddd\u96e2\u306b\u30dd\u30f3\u30d4\u30c9\u30a5\u30fc\u30bb\u30f3\u30bf\u30fc\u3001\u30ce\u30fc\u30c8\u30eb\u30c0\u30e0\u5927\u8056\u5802\u3001\u30f4\u30a9\u30fc\u30b8\u30e5\u5e83\u5834\u3001\u30aa\u30da\u30e9","robots":{"index":"index","follow":"follow","max-snippet":"max-snippet:-1","max-image-preview":"max-image-preview:large","max-video-preview":"max-video-preview:-1"},"canonical":"https:\/\/www.hotelvieuxsaule.com\/ja\/location\/","og_locale":"ja_JP","og_type":"article","og_title":"\u30db\u30c6\u30eb\u30fb\u30c7\u30e5\u30fb\u30f4\u30e5\u30fc\u30fb\u30bd\u30fc\u30eb\u306f\u30d1\u30ea\u306e\u30de\u30ec\u5730\u533a","og_description":"\u30db\u30c6\u30eb\u30fb\u30c7\u30e5\u30fb\u30f4\u30e5\u30fc\u30fb\u30bd\u30fc\u30eb\u306f\u30d1\u30ea\u306e\u30de\u30ec\u5730\u533a\u3001\uff13\u533a\u306e\u9759\u304b\u306a\u901a\u308a\u306b\u3042\u308a\u3001\u5f92\u6b6915\u5206\u306e\u8ddd\u96e2\u306b\u30dd\u30f3\u30d4\u30c9\u30a5\u30fc\u30bb\u30f3\u30bf\u30fc\u3001\u30ce\u30fc\u30c8\u30eb\u30c0\u30e0\u5927\u8056\u5802\u3001\u30f4\u30a9\u30fc\u30b8\u30e5\u5e83\u5834\u3001\u30aa\u30da\u30e9","og_url":"https:\/\/www.hotelvieuxsaule.com\/ja\/location\/","og_site_name":"H\u00f4tel du VIeux Saule","article_modified_time":"2021-09-09T03:44:58+00:00","og_image":[{"url":"https:\/\/www.hotelvieuxsaule.com\/wp-content\/uploads\/2021\/07\/hotel-du-vieux-saule-paris-parc-alentour-300x200.jpg"}],"twitter_card":"summary_large_image","twitter_misc":{"\u63a8\u5b9a\u8aad\u307f\u53d6\u308a\u6642\u9593":"1\u5206"},"schema":{"@context":"https:\/\/schema.org","@graph":[{"@type":"WebPage","@id":"https:\/\/www.hotelvieuxsaule.com\/ja\/location\/","url":"https:\/\/www.hotelvieuxsaule.com\/ja\/location\/","name":"\u30db\u30c6\u30eb\u30fb\u30c7\u30e5\u30fb\u30f4\u30e5\u30fc\u30fb\u30bd\u30fc\u30eb\u306f\u30d1\u30ea\u306e\u30de\u30ec\u5730\u533a","isPartOf":{"@id":"https:\/\/www.hotelvieuxsaule.com\/#website"},"primaryImageOfPage":{"@id":"https:\/\/www.hotelvieuxsaule.com\/ja\/location\/#primaryimage"},"image":{"@id":"https:\/\/www.hotelvieuxsaule.com\/ja\/location\/#primaryimage"},"thumbnailUrl":"https:\/\/www.hotelvieuxsaule.com\/wp-content\/uploads\/2021\/07\/hotel-du-vieux-saule-paris-parc-alentour-300x200.jpg","datePublished":"2021-07-12T11:24:02+00:00","dateModified":"2021-09-09T03:44:58+00:00","description":"\u30db\u30c6\u30eb\u30fb\u30c7\u30e5\u30fb\u30f4\u30e5\u30fc\u30fb\u30bd\u30fc\u30eb\u306f\u30d1\u30ea\u306e\u30de\u30ec\u5730\u533a\u3001\uff13\u533a\u306e\u9759\u304b\u306a\u901a\u308a\u306b\u3042\u308a\u3001\u5f92\u6b6915\u5206\u306e\u8ddd\u96e2\u306b\u30dd\u30f3\u30d4\u30c9\u30a5\u30fc\u30bb\u30f3\u30bf\u30fc\u3001\u30ce\u30fc\u30c8\u30eb\u30c0\u30e0\u5927\u8056\u5802\u3001\u30f4\u30a9\u30fc\u30b8\u30e5\u5e83\u5834\u3001\u30aa\u30da\u30e9","breadcrumb":{"@id":"https:\/\/www.hotelvieuxsaule.com\/ja\/location\/#breadcrumb"},"inLanguage":"ja","potentialAction":[{"@type":"ReadAction","target":["https:\/\/www.hotelvieuxsaule.com\/ja\/location\/"]}]},{"@type":"ImageObject","inLanguage":"ja","@id":"https:\/\/www.hotelvieuxsaule.com\/ja\/location\/#primaryimage","url":"https:\/\/www.hotelvieuxsaule.com\/wp-content\/uploads\/2021\/07\/hotel-du-vieux-saule-paris-parc-alentour.jpg","contentUrl":"https:\/\/www.hotelvieuxsaule.com\/wp-content\/uploads\/2021\/07\/hotel-du-vieux-saule-paris-parc-alentour.jpg","width":1500,"height":1000,"caption":"H\u00f4tel du Vieux Saule Paris"},{"@type":"BreadcrumbList","@id":"https:\/\/www.hotelvieuxsaule.com\/ja\/location\/#breadcrumb","itemListElement":[{"@type":"ListItem","position":1,"name":"Accueil","item":"https:\/\/www.hotelvieuxsaule.com\/ja\/"},{"@type":"ListItem","position":2,"name":"Situation"}]},{"@type":"WebSite","@id":"https:\/\/www.hotelvieuxsaule.com\/#website","url":"https:\/\/www.hotelvieuxsaule.com\/","name":"H\u00f4tel du VIeux Saule","description":"H\u00f4tel 3 \u00e9toiles proche Paris Marais - Place des Vosges","potentialAction":[{"@type":"SearchAction","target":{"@type":"EntryPoint","urlTemplate":"https:\/\/www.hotelvieuxsaule.com\/?s={search_term_string}"},"query-input":"required name=search_term_string"}],"inLanguage":"ja"}]}},"_links":{"self":[{"href":"https:\/\/www.hotelvieuxsaule.com\/ja\/wp-json\/wp\/v2\/pages\/280","targetHints":{"allow":["GET"]}}],"collection":[{"href":"https:\/\/www.hotelvieuxsaule.com\/ja\/wp-json\/wp\/v2\/pages"}],"about":[{"href":"https:\/\/www.hotelvieuxsaule.com\/ja\/wp-json\/wp\/v2\/types\/page"}],"author":[{"embeddable":true,"href":"https:\/\/www.hotelvieuxsaule.com\/ja\/wp-json\/wp\/v2\/users\/1"}],"replies":[{"embeddable":true,"href":"https:\/\/www.hotelvieuxsaule.com\/ja\/wp-json\/wp\/v2\/comments?post=280"}],"version-history":[{"count":3,"href":"https:\/\/www.hotelvieuxsaule.com\/ja\/wp-json\/wp\/v2\/pages\/280\/revisions"}],"predecessor-version":[{"id":639,"href":"https:\/\/www.hotelvieuxsaule.com\/ja\/wp-json\/wp\/v2\/pages\/280\/revisions\/639"}],"wp:attachment":[{"href":"https:\/\/www.hotelvieuxsaule.com\/ja\/wp-json\/wp\/v2\/media?parent=280"}],"curies":[{"name":"wp","href":"https:\/\/api.w.org\/{rel}","templated":true}]}}