{"id":271,"date":"2021-07-12T13:37:07","date_gmt":"2021-07-12T11:37:07","guid":{"rendered":"https:\/\/www.hotelvieuxsaule.com\/new\/offres-speciales\/"},"modified":"2024-04-16T18:47:18","modified_gmt":"2024-04-16T16:47:18","slug":"special-offers","status":"publish","type":"page","link":"https:\/\/www.hotelvieuxsaule.com\/ja\/special-offers\/","title":{"rendered":"Offres sp\u00e9ciales"},"content":{"rendered":"\n\t<section class=\"section bg-rooms\" id=\"section_242117474\">\n\t\t<div class=\"bg section-bg fill bg-fill  bg-loaded\" >\n\n\t\t\t\n\t\t\t<div class=\"section-bg-overlay absolute fill\"><\/div>\n\t\t\t\n\n\t\t<\/div>\n\n\t\t<div class=\"section-content relative\">\n\t\t\t\n\n\n\t\t<\/div>\n\n\t\t\n<style>\n#section_242117474 {\n  padding-top: 0px;\n  padding-bottom: 0px;\n}\n#section_242117474 .section-bg-overlay {\n  background-color: rgba(54, 42, 27, 0.3);\n}\n<\/style>\n\t<\/section>\n\t\n\t<section class=\"section\" id=\"section_645827283\">\n\t\t<div class=\"bg section-bg fill bg-fill  bg-loaded\" >\n\n\t\t\t\n\t\t\t\n\t\t\t\n\n\t\t<\/div>\n\n\t\t<div class=\"section-content relative\">\n\t\t\t\n\n<div class=\"row row-collapse\"  id=\"row-645248403\">\n\n\n\t<div id=\"col-1320239755\" class=\"col small-12 large-12\"  >\n\t\t<div class=\"col-inner\" style=\"background-color:rgb(255,255,255);\" >\n\t\t\t\n\t\t\t\n\n<div class=\"row row-small\"  id=\"row-1163726265\">\n\n\n\t<div id=\"col-1698489390\" class=\"col medium-6 small-12 large-5\"  >\n\t\t<div class=\"col-inner\" style=\"background-color:rgb(255,255,255);\" >\n\t\t\t\n\t\t\t\n\n\t<div class=\"img has-hover x md-x lg-x y md-y lg-y\" id=\"image_514690174\">\n\t\t\t\t\t\t\t\t<div class=\"img-inner dark\" >\n\t\t\t<img decoding=\"async\" width=\"1020\" height=\"680\" src=\"https:\/\/www.hotelvieuxsaule.com\/wp-content\/uploads\/2021\/07\/hotel-du-vieux-saule-paris-hall-reception-3-1024x683.jpg\" class=\"attachment-large size-large\" alt=\"H\u00f4tel du Vieux Saule Paris\" srcset=\"https:\/\/www.hotelvieuxsaule.com\/wp-content\/uploads\/2021\/07\/hotel-du-vieux-saule-paris-hall-reception-3-1024x683.jpg 1024w, https:\/\/www.hotelvieuxsaule.com\/wp-content\/uploads\/2021\/07\/hotel-du-vieux-saule-paris-hall-reception-3-300x200.jpg 300w, https:\/\/www.hotelvieuxsaule.com\/wp-content\/uploads\/2021\/07\/hotel-du-vieux-saule-paris-hall-reception-3-768x512.jpg 768w, https:\/\/www.hotelvieuxsaule.com\/wp-content\/uploads\/2021\/07\/hotel-du-vieux-saule-paris-hall-reception-3.jpg 1500w\" sizes=\"(max-width: 1020px) 100vw, 1020px\" \/>\t\t\t\t\t\t\n\t\t\t\t\t<\/div>\n\t\t\t\t\t\t\t\t\n<style>\n#image_514690174 {\n  width: 100%;\n}\n<\/style>\n\t<\/div>\n\t\n\n\n\t\t<\/div>\n\t\t\n<style>\n#col-1698489390 > .col-inner {\n  padding: 20px 20px 0px 20px;\n  margin: 0 0px 0px 0px;\n}\n<\/style>\n\t<\/div>\n\n\t\n\n\t<div id=\"col-1525607401\" class=\"col medium-6 small-12 large-5\"  >\n\t\t<div class=\"col-inner\"  >\n\t\t\t\n\t\t\t\n\n<h3>\u6700\u4f4e\u6599\u91d1\u4fdd\u8a3c<\/h3>\n<p>\u516c\u5f0f\u30b5\u30a4\u30c8\u306e\u5229\u70b9 :<\/p>\n<ul>\n<li>\u6700\u4f4e\u6599\u91d1\u4fdd\u8a3c<\/li>\n<li>\u30bb\u30ad\u30e5\u30ea\u30c6\u30a3\u4fdd\u8b77\u3055\u308c\u305f\u30c8\u30e9\u30f3\u30b6\u30af\u30b7\u30e7\u30f3<\/li>\n<\/ul>\n\n\t\t<\/div>\n\t\t\n<style>\n#col-1525607401 > .col-inner {\n  padding: 0px 20px 0px 20px;\n  margin: 0 0px 0px 0px;\n}\n@media (min-width:550px) {\n  #col-1525607401 > .col-inner {\n    padding: 20px 20px 0px 20px;\n  }\n}\n@media (min-width:850px) {\n  #col-1525607401 > .col-inner {\n    padding: 20px 20px 20px 20px;\n  }\n}\n<\/style>\n\t<\/div>\n\n\t\n\n\t<div id=\"col-1786625380\" class=\"col medium-12 small-12 large-2\"  >\n\t\t<div class=\"col-inner text-right\"  >\n\t\t\t\n\t\t\t\n\n<a rel=\"noopener noreferrer\" href=\"https:\/\/www.secure-hotel-booking.com\/hotel-vieux-saule\/2953\/dateselection?lang=JA\" target=\"_blank\" class=\"button secondary namastay-widget-button\"  style=\"border-radius:10px;\">\n    <span>\u4e88\u7d04<\/span>\n  <\/a>\n\n\n\n\t\t<\/div>\n\t\t\n<style>\n#col-1786625380 > .col-inner {\n  padding: 0px 20px 0px 20px;\n}\n@media (min-width:850px) {\n  #col-1786625380 > .col-inner {\n    padding: 20px 20px 20px 20px;\n  }\n}\n<\/style>\n\t<\/div>\n\n\t\n\n\n<style>\n#row-1163726265 > .col > .col-inner {\n  background-color: rgb(255,255,255);\n}\n<\/style>\n<\/div>\n\n\t\t<\/div>\n\t\t\n<style>\n#col-1320239755 > .col-inner {\n  margin: 180px 0px 0px 0px;\n}\n<\/style>\n\t<\/div>\n\n\t\n\n\n<style>\n#row-645248403 > .col > .col-inner {\n  background-color: rgb(255,255,255);\n}\n<\/style>\n<\/div>\n<div class=\"row row-collapse\"  id=\"row-1821470586\">\n\n\n\t<div id=\"col-2058051410\" class=\"col small-12 large-12\"  >\n\t\t<div class=\"col-inner\" style=\"background-color:rgb(255,255,255);\" >\n\t\t\t\n\t\t\t\n\n<div class=\"row row-small\"  id=\"row-885490931\">\n\n\n\t<div id=\"col-284685376\" class=\"col medium-6 small-12 large-5\"  >\n\t\t<div class=\"col-inner\" style=\"background-color:rgb(255,255,255);\" >\n\t\t\t\n\t\t\t\n\n\t<div class=\"img has-hover x md-x lg-x y md-y lg-y\" id=\"image_2021077022\">\n\t\t\t\t\t\t\t\t<div class=\"img-inner dark\" >\n\t\t\t<img decoding=\"async\" width=\"1020\" height=\"680\" src=\"https:\/\/www.hotelvieuxsaule.com\/wp-content\/uploads\/2021\/07\/hotel-du-vieux-saule-paris-pdj-4-1024x683.jpg\" class=\"attachment-large size-large\" alt=\"H\u00f4tel du Vieux Saule Paris\" srcset=\"https:\/\/www.hotelvieuxsaule.com\/wp-content\/uploads\/2021\/07\/hotel-du-vieux-saule-paris-pdj-4-1024x683.jpg 1024w, https:\/\/www.hotelvieuxsaule.com\/wp-content\/uploads\/2021\/07\/hotel-du-vieux-saule-paris-pdj-4-300x200.jpg 300w, https:\/\/www.hotelvieuxsaule.com\/wp-content\/uploads\/2021\/07\/hotel-du-vieux-saule-paris-pdj-4-768x512.jpg 768w, https:\/\/www.hotelvieuxsaule.com\/wp-content\/uploads\/2021\/07\/hotel-du-vieux-saule-paris-pdj-4.jpg 1500w\" sizes=\"(max-width: 1020px) 100vw, 1020px\" \/>\t\t\t\t\t\t\n\t\t\t\t\t<\/div>\n\t\t\t\t\t\t\t\t\n<style>\n#image_2021077022 {\n  width: 100%;\n}\n<\/style>\n\t<\/div>\n\t\n\n\n\t\t<\/div>\n\t\t\n<style>\n#col-284685376 > .col-inner {\n  padding: 20px 20px 0px 20px;\n  margin: 0 0px 0px 0px;\n}\n<\/style>\n\t<\/div>\n\n\t\n\n\t<div id=\"col-28072494\" class=\"col medium-6 small-12 large-5\"  >\n\t\t<div class=\"col-inner\"  >\n\t\t\t\n\t\t\t\n\n<h3> \u671d\u98df\u4ed8<\/h3>\n<p>\u7121\u6599\u3067\u30ad\u30e3\u30f3\u30bb\u30eb 2021\/10\/09\u65e5\u4ee5\u524d\u3002 \u5f8c\u3067\u30ad\u30e3\u30f3\u30bb\u30eb\u3055\u308c\u308b\u304b\u3001\u307e\u305f\u306f\u3001\u30db\u30c6\u30eb\u306b\u73fe\u308c\u306a\u3044\u5834\u5408 \u7279\u5225\u306a\u3082\u306e\u306e\u306a\u3044\u6700\u521d\u306e\u6669\u306e\u5bbf\u6cca\u8cbb\u306f\u8acb\u6c42\u3055\u308c\u3001\u6255\u3044\u623b\u3057\u306f\u3067\u304d\u307e\u305b\u3093\u3002<\/p>\n\n\t\t<\/div>\n\t\t\n<style>\n#col-28072494 > .col-inner {\n  padding: 0px 20px 0px 20px;\n  margin: 0 0px 0px 0px;\n}\n@media (min-width:550px) {\n  #col-28072494 > .col-inner {\n    padding: 20px 20px 0px 20px;\n  }\n}\n@media (min-width:850px) {\n  #col-28072494 > .col-inner {\n    padding: 20px 20px 20px 20px;\n  }\n}\n<\/style>\n\t<\/div>\n\n\t\n\n\t<div id=\"col-1442773662\" class=\"col medium-12 small-12 large-2\"  >\n\t\t<div class=\"col-inner text-right\"  >\n\t\t\t\n\t\t\t\n\n<a rel=\"noopener noreferrer\" href=\"https:\/\/www.secure-hotel-booking.com\/hotel-vieux-saule\/2953\/dateselection?lang=JA\" target=\"_blank\" class=\"button secondary namastay-widget-button\"  style=\"border-radius:10px;\">\n    <span>\u4e88\u7d04<\/span>\n  <\/a>\n\n\n\n\t\t<\/div>\n\t\t\n<style>\n#col-1442773662 > .col-inner {\n  padding: 0px 20px 0px 20px;\n}\n@media (min-width:850px) {\n  #col-1442773662 > .col-inner {\n    padding: 20px 20px 20px 20px;\n  }\n}\n<\/style>\n\t<\/div>\n\n\t\n\n\n<style>\n#row-885490931 > .col > .col-inner {\n  background-color: rgb(255,255,255);\n}\n<\/style>\n<\/div>\n\n\t\t<\/div>\n\t\t\n<style>\n#col-2058051410 > .col-inner {\n  margin: 50px 0px 0px 0px;\n}\n<\/style>\n\t<\/div>\n\n\t\n\n\n<style>\n#row-1821470586 > .col > .col-inner {\n  background-color: rgb(255,255,255);\n}\n<\/style>\n<\/div>\n\n\t\t<\/div>\n\n\t\t\n<style>\n#section_645827283 {\n  padding-top: 30px;\n  padding-bottom: 30px;\n}\n<\/style>\n\t<\/section>\n\t\n\n","protected":false},"excerpt":{"rendered":"","protected":false},"author":1,"featured_media":0,"parent":0,"menu_order":0,"comment_status":"closed","ping_status":"open","template":"page-transparent-header.php","meta":{"footnotes":""},"class_list":["post-271","page","type-page","status-publish","hentry"],"yoast_head":"<!-- This site is optimized with the Yoast SEO plugin v22.2 - https:\/\/yoast.com\/wordpress\/plugins\/seo\/ -->\n<title>\u30db\u30c6\u30eb\u30fb\u30c7\u30e5\u30fb\u30f4\u30e5\u30fc\u30fb\u30bd\u30fc\u30eb\u306f\u30d1\u30ea\u306e\u30de\u30ec\u5730\u533a<\/title>\n<meta name=\"description\" content=\"\u30db\u30c6\u30eb\u30fb\u30c7\u30e5\u30fb\u30f4\u30e5\u30fc\u30fb\u30bd\u30fc\u30eb\u306f\u30d1\u30ea\u306e\u30de\u30ec\u5730\u533a\u3001\uff13\u533a\u306e\u9759\u304b\u306a\u901a\u308a\u306b\u3042\u308a\u3001\u5f92\u6b6915\u5206\u306e\u8ddd\u96e2\u306b\u30dd\u30f3\u30d4\u30c9\u30a5\u30fc\u30bb\u30f3\u30bf\u30fc\u3001\u30ce\u30fc\u30c8\u30eb\u30c0\u30e0\u5927\u8056\u5802\u3001\u30f4\u30a9\u30fc\u30b8\u30e5\u5e83\u5834\u3001\u30aa\u30da\u30e9\" \/>\n<meta name=\"robots\" content=\"index, follow, max-snippet:-1, max-image-preview:large, max-video-preview:-1\" \/>\n<link rel=\"canonical\" href=\"https:\/\/www.hotelvieuxsaule.com\/ja\/special-offers\/\" \/>\n<meta property=\"og:locale\" content=\"ja_JP\" \/>\n<meta property=\"og:type\" content=\"article\" \/>\n<meta property=\"og:title\" content=\"\u30db\u30c6\u30eb\u30fb\u30c7\u30e5\u30fb\u30f4\u30e5\u30fc\u30fb\u30bd\u30fc\u30eb\u306f\u30d1\u30ea\u306e\u30de\u30ec\u5730\u533a\" \/>\n<meta property=\"og:description\" content=\"\u30db\u30c6\u30eb\u30fb\u30c7\u30e5\u30fb\u30f4\u30e5\u30fc\u30fb\u30bd\u30fc\u30eb\u306f\u30d1\u30ea\u306e\u30de\u30ec\u5730\u533a\u3001\uff13\u533a\u306e\u9759\u304b\u306a\u901a\u308a\u306b\u3042\u308a\u3001\u5f92\u6b6915\u5206\u306e\u8ddd\u96e2\u306b\u30dd\u30f3\u30d4\u30c9\u30a5\u30fc\u30bb\u30f3\u30bf\u30fc\u3001\u30ce\u30fc\u30c8\u30eb\u30c0\u30e0\u5927\u8056\u5802\u3001\u30f4\u30a9\u30fc\u30b8\u30e5\u5e83\u5834\u3001\u30aa\u30da\u30e9\" \/>\n<meta property=\"og:url\" content=\"https:\/\/www.hotelvieuxsaule.com\/ja\/special-offers\/\" \/>\n<meta property=\"og:site_name\" content=\"H\u00f4tel du VIeux Saule\" \/>\n<meta property=\"article:modified_time\" content=\"2024-04-16T16:47:18+00:00\" \/>\n<meta name=\"twitter:card\" content=\"summary_large_image\" \/>\n<meta name=\"twitter:label1\" content=\"\u63a8\u5b9a\u8aad\u307f\u53d6\u308a\u6642\u9593\" \/>\n\t<meta name=\"twitter:data1\" content=\"2\u5206\" \/>\n<script type=\"application\/ld+json\" class=\"yoast-schema-graph\">{\"@context\":\"https:\/\/schema.org\",\"@graph\":[{\"@type\":\"WebPage\",\"@id\":\"https:\/\/www.hotelvieuxsaule.com\/ja\/special-offers\/\",\"url\":\"https:\/\/www.hotelvieuxsaule.com\/ja\/special-offers\/\",\"name\":\"\u30db\u30c6\u30eb\u30fb\u30c7\u30e5\u30fb\u30f4\u30e5\u30fc\u30fb\u30bd\u30fc\u30eb\u306f\u30d1\u30ea\u306e\u30de\u30ec\u5730\u533a\",\"isPartOf\":{\"@id\":\"https:\/\/www.hotelvieuxsaule.com\/#website\"},\"datePublished\":\"2021-07-12T11:37:07+00:00\",\"dateModified\":\"2024-04-16T16:47:18+00:00\",\"description\":\"\u30db\u30c6\u30eb\u30fb\u30c7\u30e5\u30fb\u30f4\u30e5\u30fc\u30fb\u30bd\u30fc\u30eb\u306f\u30d1\u30ea\u306e\u30de\u30ec\u5730\u533a\u3001\uff13\u533a\u306e\u9759\u304b\u306a\u901a\u308a\u306b\u3042\u308a\u3001\u5f92\u6b6915\u5206\u306e\u8ddd\u96e2\u306b\u30dd\u30f3\u30d4\u30c9\u30a5\u30fc\u30bb\u30f3\u30bf\u30fc\u3001\u30ce\u30fc\u30c8\u30eb\u30c0\u30e0\u5927\u8056\u5802\u3001\u30f4\u30a9\u30fc\u30b8\u30e5\u5e83\u5834\u3001\u30aa\u30da\u30e9\",\"breadcrumb\":{\"@id\":\"https:\/\/www.hotelvieuxsaule.com\/ja\/special-offers\/#breadcrumb\"},\"inLanguage\":\"ja\",\"potentialAction\":[{\"@type\":\"ReadAction\",\"target\":[\"https:\/\/www.hotelvieuxsaule.com\/ja\/special-offers\/\"]}]},{\"@type\":\"BreadcrumbList\",\"@id\":\"https:\/\/www.hotelvieuxsaule.com\/ja\/special-offers\/#breadcrumb\",\"itemListElement\":[{\"@type\":\"ListItem\",\"position\":1,\"name\":\"Accueil\",\"item\":\"https:\/\/www.hotelvieuxsaule.com\/ja\/\"},{\"@type\":\"ListItem\",\"position\":2,\"name\":\"Offres sp\u00e9ciales\"}]},{\"@type\":\"WebSite\",\"@id\":\"https:\/\/www.hotelvieuxsaule.com\/#website\",\"url\":\"https:\/\/www.hotelvieuxsaule.com\/\",\"name\":\"H\u00f4tel du VIeux Saule\",\"description\":\"H\u00f4tel 3 \u00e9toiles proche Paris Marais - Place des Vosges\",\"potentialAction\":[{\"@type\":\"SearchAction\",\"target\":{\"@type\":\"EntryPoint\",\"urlTemplate\":\"https:\/\/www.hotelvieuxsaule.com\/?s={search_term_string}\"},\"query-input\":\"required name=search_term_string\"}],\"inLanguage\":\"ja\"}]}<\/script>\n<!-- \/ Yoast SEO plugin. -->","yoast_head_json":{"title":"\u30db\u30c6\u30eb\u30fb\u30c7\u30e5\u30fb\u30f4\u30e5\u30fc\u30fb\u30bd\u30fc\u30eb\u306f\u30d1\u30ea\u306e\u30de\u30ec\u5730\u533a","description":"\u30db\u30c6\u30eb\u30fb\u30c7\u30e5\u30fb\u30f4\u30e5\u30fc\u30fb\u30bd\u30fc\u30eb\u306f\u30d1\u30ea\u306e\u30de\u30ec\u5730\u533a\u3001\uff13\u533a\u306e\u9759\u304b\u306a\u901a\u308a\u306b\u3042\u308a\u3001\u5f92\u6b6915\u5206\u306e\u8ddd\u96e2\u306b\u30dd\u30f3\u30d4\u30c9\u30a5\u30fc\u30bb\u30f3\u30bf\u30fc\u3001\u30ce\u30fc\u30c8\u30eb\u30c0\u30e0\u5927\u8056\u5802\u3001\u30f4\u30a9\u30fc\u30b8\u30e5\u5e83\u5834\u3001\u30aa\u30da\u30e9","robots":{"index":"index","follow":"follow","max-snippet":"max-snippet:-1","max-image-preview":"max-image-preview:large","max-video-preview":"max-video-preview:-1"},"canonical":"https:\/\/www.hotelvieuxsaule.com\/ja\/special-offers\/","og_locale":"ja_JP","og_type":"article","og_title":"\u30db\u30c6\u30eb\u30fb\u30c7\u30e5\u30fb\u30f4\u30e5\u30fc\u30fb\u30bd\u30fc\u30eb\u306f\u30d1\u30ea\u306e\u30de\u30ec\u5730\u533a","og_description":"\u30db\u30c6\u30eb\u30fb\u30c7\u30e5\u30fb\u30f4\u30e5\u30fc\u30fb\u30bd\u30fc\u30eb\u306f\u30d1\u30ea\u306e\u30de\u30ec\u5730\u533a\u3001\uff13\u533a\u306e\u9759\u304b\u306a\u901a\u308a\u306b\u3042\u308a\u3001\u5f92\u6b6915\u5206\u306e\u8ddd\u96e2\u306b\u30dd\u30f3\u30d4\u30c9\u30a5\u30fc\u30bb\u30f3\u30bf\u30fc\u3001\u30ce\u30fc\u30c8\u30eb\u30c0\u30e0\u5927\u8056\u5802\u3001\u30f4\u30a9\u30fc\u30b8\u30e5\u5e83\u5834\u3001\u30aa\u30da\u30e9","og_url":"https:\/\/www.hotelvieuxsaule.com\/ja\/special-offers\/","og_site_name":"H\u00f4tel du VIeux Saule","article_modified_time":"2024-04-16T16:47:18+00:00","twitter_card":"summary_large_image","twitter_misc":{"\u63a8\u5b9a\u8aad\u307f\u53d6\u308a\u6642\u9593":"2\u5206"},"schema":{"@context":"https:\/\/schema.org","@graph":[{"@type":"WebPage","@id":"https:\/\/www.hotelvieuxsaule.com\/ja\/special-offers\/","url":"https:\/\/www.hotelvieuxsaule.com\/ja\/special-offers\/","name":"\u30db\u30c6\u30eb\u30fb\u30c7\u30e5\u30fb\u30f4\u30e5\u30fc\u30fb\u30bd\u30fc\u30eb\u306f\u30d1\u30ea\u306e\u30de\u30ec\u5730\u533a","isPartOf":{"@id":"https:\/\/www.hotelvieuxsaule.com\/#website"},"datePublished":"2021-07-12T11:37:07+00:00","dateModified":"2024-04-16T16:47:18+00:00","description":"\u30db\u30c6\u30eb\u30fb\u30c7\u30e5\u30fb\u30f4\u30e5\u30fc\u30fb\u30bd\u30fc\u30eb\u306f\u30d1\u30ea\u306e\u30de\u30ec\u5730\u533a\u3001\uff13\u533a\u306e\u9759\u304b\u306a\u901a\u308a\u306b\u3042\u308a\u3001\u5f92\u6b6915\u5206\u306e\u8ddd\u96e2\u306b\u30dd\u30f3\u30d4\u30c9\u30a5\u30fc\u30bb\u30f3\u30bf\u30fc\u3001\u30ce\u30fc\u30c8\u30eb\u30c0\u30e0\u5927\u8056\u5802\u3001\u30f4\u30a9\u30fc\u30b8\u30e5\u5e83\u5834\u3001\u30aa\u30da\u30e9","breadcrumb":{"@id":"https:\/\/www.hotelvieuxsaule.com\/ja\/special-offers\/#breadcrumb"},"inLanguage":"ja","potentialAction":[{"@type":"ReadAction","target":["https:\/\/www.hotelvieuxsaule.com\/ja\/special-offers\/"]}]},{"@type":"BreadcrumbList","@id":"https:\/\/www.hotelvieuxsaule.com\/ja\/special-offers\/#breadcrumb","itemListElement":[{"@type":"ListItem","position":1,"name":"Accueil","item":"https:\/\/www.hotelvieuxsaule.com\/ja\/"},{"@type":"ListItem","position":2,"name":"Offres sp\u00e9ciales"}]},{"@type":"WebSite","@id":"https:\/\/www.hotelvieuxsaule.com\/#website","url":"https:\/\/www.hotelvieuxsaule.com\/","name":"H\u00f4tel du VIeux Saule","description":"H\u00f4tel 3 \u00e9toiles proche Paris Marais - Place des Vosges","potentialAction":[{"@type":"SearchAction","target":{"@type":"EntryPoint","urlTemplate":"https:\/\/www.hotelvieuxsaule.com\/?s={search_term_string}"},"query-input":"required name=search_term_string"}],"inLanguage":"ja"}]}},"_links":{"self":[{"href":"https:\/\/www.hotelvieuxsaule.com\/ja\/wp-json\/wp\/v2\/pages\/271","targetHints":{"allow":["GET"]}}],"collection":[{"href":"https:\/\/www.hotelvieuxsaule.com\/ja\/wp-json\/wp\/v2\/pages"}],"about":[{"href":"https:\/\/www.hotelvieuxsaule.com\/ja\/wp-json\/wp\/v2\/types\/page"}],"author":[{"embeddable":true,"href":"https:\/\/www.hotelvieuxsaule.com\/ja\/wp-json\/wp\/v2\/users\/1"}],"replies":[{"embeddable":true,"href":"https:\/\/www.hotelvieuxsaule.com\/ja\/wp-json\/wp\/v2\/comments?post=271"}],"version-history":[{"count":4,"href":"https:\/\/www.hotelvieuxsaule.com\/ja\/wp-json\/wp\/v2\/pages\/271\/revisions"}],"predecessor-version":[{"id":977,"href":"https:\/\/www.hotelvieuxsaule.com\/ja\/wp-json\/wp\/v2\/pages\/271\/revisions\/977"}],"wp:attachment":[{"href":"https:\/\/www.hotelvieuxsaule.com\/ja\/wp-json\/wp\/v2\/media?parent=271"}],"curies":[{"name":"wp","href":"https:\/\/api.w.org\/{rel}","templated":true}]}}