{"id":259,"date":"2021-06-21T14:30:57","date_gmt":"2021-06-21T12:30:57","guid":{"rendered":"https:\/\/www.hotelvieuxsaule.com\/new\/page-d-exemple\/"},"modified":"2021-09-08T15:38:08","modified_gmt":"2021-09-08T13:38:08","slug":"accueil","status":"publish","type":"page","link":"https:\/\/www.hotelvieuxsaule.com\/ja\/","title":{"rendered":"Accueil"},"content":{"rendered":"\n\t<section class=\"section\" id=\"section_1665344423\">\n\t\t<div class=\"bg section-bg fill bg-fill  bg-loaded\" >\n\n\t\t\t\n\t\t\t\n\t\t\t\n\n\t\t<\/div>\n\n\t\t<div class=\"section-content relative\">\n\t\t\t\n\n<div class=\"slider-wrapper relative\" id=\"slider-1339336974\" >\n    <div class=\"slider slider-nav-circle slider-nav-large slider-nav-light slider-style-normal\"\n        data-flickity-options='{\n            \"cellAlign\": \"center\",\n            \"imagesLoaded\": true,\n            \"lazyLoad\": 1,\n            \"freeScroll\": false,\n            \"wrapAround\": true,\n            \"autoPlay\": 6000,\n            \"pauseAutoPlayOnHover\" : true,\n            \"prevNextButtons\": true,\n            \"contain\" : true,\n            \"adaptiveHeight\" : true,\n            \"dragThreshold\" : 10,\n            \"percentPosition\": true,\n            \"pageDots\": true,\n            \"rightToLeft\": false,\n            \"draggable\": true,\n            \"selectedAttraction\": 0.1,\n            \"parallax\" : 0,\n            \"friction\": 0.6        }'\n        >\n        \n\n\n  <div class=\"banner has-hover is-full-height\" id=\"banner-751041418\">\n          <div class=\"banner-inner fill\">\n        <div class=\"banner-bg fill\" >\n            <div class=\"bg fill bg-fill \"><\/div>\n                                    \n                    <\/div>\n        <div class=\"banner-layers container\">\n            <div class=\"fill banner-link\"><\/div>            \n\n   <div id=\"text-box-1820041284\" class=\"text-box banner-layer x50 md-x50 lg-x50 y50 md-y50 lg-y50 res-text\">\n                                <div class=\"text-box-content text dark\">\n              \n              <div class=\"text-inner text-center\">\n                  \n\n\n              <\/div>\n           <\/div>\n                            \n<style>\n#text-box-1820041284 {\n  width: 60%;\n}\n#text-box-1820041284 .text-box-content {\n  font-size: 100%;\n}\n<\/style>\n    <\/div>\n \n\n        <\/div>\n      <\/div>\n\n            \n<style>\n#banner-751041418 {\n  padding-top: 100%;\n}\n#banner-751041418 .bg.bg-loaded {\n  background-image: url(https:\/\/www.hotelvieuxsaule.com\/wp-content\/uploads\/2021\/06\/hotel-du-vieux-saule-paris-facade.jpg);\n}\n<\/style>\n  <\/div>\n\n\n\n  <div class=\"banner has-hover is-full-height\" id=\"banner-270818426\">\n          <div class=\"banner-inner fill\">\n        <div class=\"banner-bg fill\" >\n            <div class=\"bg fill bg-fill \"><\/div>\n                                    \n                    <\/div>\n        <div class=\"banner-layers container\">\n            <div class=\"fill banner-link\"><\/div>            \n\n   <div id=\"text-box-1969637405\" class=\"text-box banner-layer x50 md-x50 lg-x50 y50 md-y50 lg-y50 res-text\">\n                                <div class=\"text-box-content text dark\">\n              \n              <div class=\"text-inner text-center\">\n                  \n\n\n              <\/div>\n           <\/div>\n                            \n<style>\n#text-box-1969637405 {\n  width: 60%;\n}\n#text-box-1969637405 .text-box-content {\n  font-size: 100%;\n}\n<\/style>\n    <\/div>\n \n\n        <\/div>\n      <\/div>\n\n            \n<style>\n#banner-270818426 {\n  padding-top: 100%;\n}\n#banner-270818426 .bg.bg-loaded {\n  background-image: url(https:\/\/www.hotelvieuxsaule.com\/wp-content\/uploads\/2021\/07\/hotel-du-vieux-saule-paris-hall-reception-2.jpg);\n}\n<\/style>\n  <\/div>\n\n\n\n  <div class=\"banner has-hover is-full-height\" id=\"banner-997429159\">\n          <div class=\"banner-inner fill\">\n        <div class=\"banner-bg fill\" >\n            <div class=\"bg fill bg-fill \"><\/div>\n                                    \n                    <\/div>\n        <div class=\"banner-layers container\">\n            <div class=\"fill banner-link\"><\/div>            \n\n   <div id=\"text-box-1445972745\" class=\"text-box banner-layer x50 md-x50 lg-x50 y50 md-y50 lg-y50 res-text\">\n                                <div class=\"text-box-content text dark\">\n              \n              <div class=\"text-inner text-center\">\n                  \n\n\n              <\/div>\n           <\/div>\n                            \n<style>\n#text-box-1445972745 {\n  width: 60%;\n}\n#text-box-1445972745 .text-box-content {\n  font-size: 100%;\n}\n<\/style>\n    <\/div>\n \n\n        <\/div>\n      <\/div>\n\n            \n<style>\n#banner-997429159 {\n  padding-top: 100%;\n}\n#banner-997429159 .bg.bg-loaded {\n  background-image: url(https:\/\/www.hotelvieuxsaule.com\/wp-content\/uploads\/2021\/07\/hotel-du-vieux-saule-paris-patio-1.jpg);\n}\n#banner-997429159 .bg {\n  background-position: left;\n}\n<\/style>\n  <\/div>\n\n\n\n  <div class=\"banner has-hover is-full-height\" id=\"banner-1877707105\">\n          <div class=\"banner-inner fill\">\n        <div class=\"banner-bg fill\" >\n            <div class=\"bg fill bg-fill \"><\/div>\n                                    \n                    <\/div>\n        <div class=\"banner-layers container\">\n            <div class=\"fill banner-link\"><\/div>            \n\n   <div id=\"text-box-1958236951\" class=\"text-box banner-layer x50 md-x50 lg-x50 y50 md-y50 lg-y50 res-text\">\n                                <div class=\"text-box-content text dark\">\n              \n              <div class=\"text-inner text-center\">\n                  \n\n\n              <\/div>\n           <\/div>\n                            \n<style>\n#text-box-1958236951 {\n  width: 60%;\n}\n#text-box-1958236951 .text-box-content {\n  font-size: 100%;\n}\n<\/style>\n    <\/div>\n \n\n        <\/div>\n      <\/div>\n\n            \n<style>\n#banner-1877707105 {\n  padding-top: 100%;\n}\n#banner-1877707105 .bg.bg-loaded {\n  background-image: url(https:\/\/www.hotelvieuxsaule.com\/wp-content\/uploads\/2021\/07\/hotel-du-vieux-saule-paris-pdj-5.jpg);\n}\n<\/style>\n  <\/div>\n\n\n\n  <div class=\"banner has-hover is-full-height\" id=\"banner-81348203\">\n          <div class=\"banner-inner fill\">\n        <div class=\"banner-bg fill\" >\n            <div class=\"bg fill bg-fill \"><\/div>\n                                    \n                    <\/div>\n        <div class=\"banner-layers container\">\n            <div class=\"fill banner-link\"><\/div>            \n\n   <div id=\"text-box-879240125\" class=\"text-box banner-layer x50 md-x50 lg-x50 y50 md-y50 lg-y50 res-text\">\n                                <div class=\"text-box-content text dark\">\n              \n              <div class=\"text-inner text-center\">\n                  \n\n\n              <\/div>\n           <\/div>\n                            \n<style>\n#text-box-879240125 {\n  width: 60%;\n}\n#text-box-879240125 .text-box-content {\n  font-size: 100%;\n}\n<\/style>\n    <\/div>\n \n\n        <\/div>\n      <\/div>\n\n            \n<style>\n#banner-81348203 {\n  padding-top: 100%;\n}\n#banner-81348203 .bg.bg-loaded {\n  background-image: url(https:\/\/www.hotelvieuxsaule.com\/wp-content\/uploads\/2021\/06\/hotel-du-vieux-saule-paris-facade-3.jpg);\n}\n<\/style>\n  <\/div>\n\n\n\n     <\/div>\n\n     <div class=\"loading-spin dark large centered\"><\/div>\n\n     \t<\/div>\n\n\n\n\t\t<\/div>\n\n\t\t\n<style>\n#section_1665344423 {\n  padding-top: 0px;\n  padding-bottom: 0px;\n}\n<\/style>\n\t<\/section>\n\t\n","protected":false},"excerpt":{"rendered":"","protected":false},"author":1,"featured_media":0,"parent":0,"menu_order":0,"comment_status":"closed","ping_status":"open","template":"page-transparent-header.php","meta":{"footnotes":""},"class_list":["post-259","page","type-page","status-publish","hentry"],"yoast_head":"<!-- This site is optimized with the Yoast SEO plugin v22.2 - https:\/\/yoast.com\/wordpress\/plugins\/seo\/ -->\n<title>\u30db\u30c6\u30eb\u30fb\u30c7\u30e5\u30fb\u30f4\u30e5\u30fc\u30fb\u30bd\u30fc\u30eb\u306f\u30d1\u30ea\u306e\u30de\u30ec\u5730\u533a<\/title>\n<meta name=\"description\" content=\"\u30db\u30c6\u30eb\u30fb\u30c7\u30e5\u30fb\u30f4\u30e5\u30fc\u30fb\u30bd\u30fc\u30eb\u306f\u30d1\u30ea\u306e\u30de\u30ec\u5730\u533a\u3001\uff13\u533a\u306e\u9759\u304b\u306a\u901a\u308a\u306b\u3042\u308a\u3001\u5f92\u6b6915\u5206\u306e\u8ddd\u96e2\u306b\u30dd\u30f3\u30d4\u30c9\u30a5\u30fc\u30bb\u30f3\u30bf\u30fc\u3001\u30ce\u30fc\u30c8\u30eb\u30c0\u30e0\u5927\u8056\u5802\u3001\u30f4\u30a9\u30fc\u30b8\u30e5\u5e83\u5834\u3001\u30aa\u30da\u30e9\" \/>\n<meta name=\"robots\" content=\"index, follow, max-snippet:-1, max-image-preview:large, max-video-preview:-1\" \/>\n<link rel=\"canonical\" href=\"https:\/\/www.hotelvieuxsaule.com\/ja\/\" \/>\n<meta property=\"og:locale\" content=\"ja_JP\" \/>\n<meta property=\"og:type\" content=\"article\" \/>\n<meta property=\"og:title\" content=\"\u30db\u30c6\u30eb\u30fb\u30c7\u30e5\u30fb\u30f4\u30e5\u30fc\u30fb\u30bd\u30fc\u30eb\u306f\u30d1\u30ea\u306e\u30de\u30ec\u5730\u533a\" \/>\n<meta property=\"og:description\" content=\"\u30db\u30c6\u30eb\u30fb\u30c7\u30e5\u30fb\u30f4\u30e5\u30fc\u30fb\u30bd\u30fc\u30eb\u306f\u30d1\u30ea\u306e\u30de\u30ec\u5730\u533a\u3001\uff13\u533a\u306e\u9759\u304b\u306a\u901a\u308a\u306b\u3042\u308a\u3001\u5f92\u6b6915\u5206\u306e\u8ddd\u96e2\u306b\u30dd\u30f3\u30d4\u30c9\u30a5\u30fc\u30bb\u30f3\u30bf\u30fc\u3001\u30ce\u30fc\u30c8\u30eb\u30c0\u30e0\u5927\u8056\u5802\u3001\u30f4\u30a9\u30fc\u30b8\u30e5\u5e83\u5834\u3001\u30aa\u30da\u30e9\" \/>\n<meta property=\"og:url\" content=\"https:\/\/www.hotelvieuxsaule.com\/ja\/\" \/>\n<meta property=\"og:site_name\" content=\"H\u00f4tel du VIeux Saule\" \/>\n<meta property=\"article:modified_time\" content=\"2021-09-08T13:38:08+00:00\" \/>\n<meta name=\"twitter:card\" content=\"summary_large_image\" \/>\n<meta name=\"twitter:label1\" content=\"\u63a8\u5b9a\u8aad\u307f\u53d6\u308a\u6642\u9593\" \/>\n\t<meta name=\"twitter:data1\" content=\"1\u5206\" \/>\n<script type=\"application\/ld+json\" class=\"yoast-schema-graph\">{\"@context\":\"https:\/\/schema.org\",\"@graph\":[{\"@type\":\"WebPage\",\"@id\":\"https:\/\/www.hotelvieuxsaule.com\/ja\/\",\"url\":\"https:\/\/www.hotelvieuxsaule.com\/ja\/\",\"name\":\"\u30db\u30c6\u30eb\u30fb\u30c7\u30e5\u30fb\u30f4\u30e5\u30fc\u30fb\u30bd\u30fc\u30eb\u306f\u30d1\u30ea\u306e\u30de\u30ec\u5730\u533a\",\"isPartOf\":{\"@id\":\"https:\/\/www.hotelvieuxsaule.com\/#website\"},\"datePublished\":\"2021-06-21T12:30:57+00:00\",\"dateModified\":\"2021-09-08T13:38:08+00:00\",\"description\":\"\u30db\u30c6\u30eb\u30fb\u30c7\u30e5\u30fb\u30f4\u30e5\u30fc\u30fb\u30bd\u30fc\u30eb\u306f\u30d1\u30ea\u306e\u30de\u30ec\u5730\u533a\u3001\uff13\u533a\u306e\u9759\u304b\u306a\u901a\u308a\u306b\u3042\u308a\u3001\u5f92\u6b6915\u5206\u306e\u8ddd\u96e2\u306b\u30dd\u30f3\u30d4\u30c9\u30a5\u30fc\u30bb\u30f3\u30bf\u30fc\u3001\u30ce\u30fc\u30c8\u30eb\u30c0\u30e0\u5927\u8056\u5802\u3001\u30f4\u30a9\u30fc\u30b8\u30e5\u5e83\u5834\u3001\u30aa\u30da\u30e9\",\"breadcrumb\":{\"@id\":\"https:\/\/www.hotelvieuxsaule.com\/ja\/#breadcrumb\"},\"inLanguage\":\"ja\",\"potentialAction\":[{\"@type\":\"ReadAction\",\"target\":[\"https:\/\/www.hotelvieuxsaule.com\/ja\/\"]}]},{\"@type\":\"BreadcrumbList\",\"@id\":\"https:\/\/www.hotelvieuxsaule.com\/ja\/#breadcrumb\",\"itemListElement\":[{\"@type\":\"ListItem\",\"position\":1,\"name\":\"Accueil\",\"item\":\"https:\/\/www.hotelvieuxsaule.com\/ja\/\"},{\"@type\":\"ListItem\",\"position\":2,\"name\":\"Accueil\"}]},{\"@type\":\"WebSite\",\"@id\":\"https:\/\/www.hotelvieuxsaule.com\/#website\",\"url\":\"https:\/\/www.hotelvieuxsaule.com\/\",\"name\":\"H\u00f4tel du VIeux Saule\",\"description\":\"H\u00f4tel 3 \u00e9toiles proche Paris Marais - Place des Vosges\",\"potentialAction\":[{\"@type\":\"SearchAction\",\"target\":{\"@type\":\"EntryPoint\",\"urlTemplate\":\"https:\/\/www.hotelvieuxsaule.com\/?s={search_term_string}\"},\"query-input\":\"required name=search_term_string\"}],\"inLanguage\":\"ja\"}]}<\/script>\n<!-- \/ Yoast SEO plugin. -->","yoast_head_json":{"title":"\u30db\u30c6\u30eb\u30fb\u30c7\u30e5\u30fb\u30f4\u30e5\u30fc\u30fb\u30bd\u30fc\u30eb\u306f\u30d1\u30ea\u306e\u30de\u30ec\u5730\u533a","description":"\u30db\u30c6\u30eb\u30fb\u30c7\u30e5\u30fb\u30f4\u30e5\u30fc\u30fb\u30bd\u30fc\u30eb\u306f\u30d1\u30ea\u306e\u30de\u30ec\u5730\u533a\u3001\uff13\u533a\u306e\u9759\u304b\u306a\u901a\u308a\u306b\u3042\u308a\u3001\u5f92\u6b6915\u5206\u306e\u8ddd\u96e2\u306b\u30dd\u30f3\u30d4\u30c9\u30a5\u30fc\u30bb\u30f3\u30bf\u30fc\u3001\u30ce\u30fc\u30c8\u30eb\u30c0\u30e0\u5927\u8056\u5802\u3001\u30f4\u30a9\u30fc\u30b8\u30e5\u5e83\u5834\u3001\u30aa\u30da\u30e9","robots":{"index":"index","follow":"follow","max-snippet":"max-snippet:-1","max-image-preview":"max-image-preview:large","max-video-preview":"max-video-preview:-1"},"canonical":"https:\/\/www.hotelvieuxsaule.com\/ja\/","og_locale":"ja_JP","og_type":"article","og_title":"\u30db\u30c6\u30eb\u30fb\u30c7\u30e5\u30fb\u30f4\u30e5\u30fc\u30fb\u30bd\u30fc\u30eb\u306f\u30d1\u30ea\u306e\u30de\u30ec\u5730\u533a","og_description":"\u30db\u30c6\u30eb\u30fb\u30c7\u30e5\u30fb\u30f4\u30e5\u30fc\u30fb\u30bd\u30fc\u30eb\u306f\u30d1\u30ea\u306e\u30de\u30ec\u5730\u533a\u3001\uff13\u533a\u306e\u9759\u304b\u306a\u901a\u308a\u306b\u3042\u308a\u3001\u5f92\u6b6915\u5206\u306e\u8ddd\u96e2\u306b\u30dd\u30f3\u30d4\u30c9\u30a5\u30fc\u30bb\u30f3\u30bf\u30fc\u3001\u30ce\u30fc\u30c8\u30eb\u30c0\u30e0\u5927\u8056\u5802\u3001\u30f4\u30a9\u30fc\u30b8\u30e5\u5e83\u5834\u3001\u30aa\u30da\u30e9","og_url":"https:\/\/www.hotelvieuxsaule.com\/ja\/","og_site_name":"H\u00f4tel du VIeux Saule","article_modified_time":"2021-09-08T13:38:08+00:00","twitter_card":"summary_large_image","twitter_misc":{"\u63a8\u5b9a\u8aad\u307f\u53d6\u308a\u6642\u9593":"1\u5206"},"schema":{"@context":"https:\/\/schema.org","@graph":[{"@type":"WebPage","@id":"https:\/\/www.hotelvieuxsaule.com\/ja\/","url":"https:\/\/www.hotelvieuxsaule.com\/ja\/","name":"\u30db\u30c6\u30eb\u30fb\u30c7\u30e5\u30fb\u30f4\u30e5\u30fc\u30fb\u30bd\u30fc\u30eb\u306f\u30d1\u30ea\u306e\u30de\u30ec\u5730\u533a","isPartOf":{"@id":"https:\/\/www.hotelvieuxsaule.com\/#website"},"datePublished":"2021-06-21T12:30:57+00:00","dateModified":"2021-09-08T13:38:08+00:00","description":"\u30db\u30c6\u30eb\u30fb\u30c7\u30e5\u30fb\u30f4\u30e5\u30fc\u30fb\u30bd\u30fc\u30eb\u306f\u30d1\u30ea\u306e\u30de\u30ec\u5730\u533a\u3001\uff13\u533a\u306e\u9759\u304b\u306a\u901a\u308a\u306b\u3042\u308a\u3001\u5f92\u6b6915\u5206\u306e\u8ddd\u96e2\u306b\u30dd\u30f3\u30d4\u30c9\u30a5\u30fc\u30bb\u30f3\u30bf\u30fc\u3001\u30ce\u30fc\u30c8\u30eb\u30c0\u30e0\u5927\u8056\u5802\u3001\u30f4\u30a9\u30fc\u30b8\u30e5\u5e83\u5834\u3001\u30aa\u30da\u30e9","breadcrumb":{"@id":"https:\/\/www.hotelvieuxsaule.com\/ja\/#breadcrumb"},"inLanguage":"ja","potentialAction":[{"@type":"ReadAction","target":["https:\/\/www.hotelvieuxsaule.com\/ja\/"]}]},{"@type":"BreadcrumbList","@id":"https:\/\/www.hotelvieuxsaule.com\/ja\/#breadcrumb","itemListElement":[{"@type":"ListItem","position":1,"name":"Accueil","item":"https:\/\/www.hotelvieuxsaule.com\/ja\/"},{"@type":"ListItem","position":2,"name":"Accueil"}]},{"@type":"WebSite","@id":"https:\/\/www.hotelvieuxsaule.com\/#website","url":"https:\/\/www.hotelvieuxsaule.com\/","name":"H\u00f4tel du VIeux Saule","description":"H\u00f4tel 3 \u00e9toiles proche Paris Marais - Place des Vosges","potentialAction":[{"@type":"SearchAction","target":{"@type":"EntryPoint","urlTemplate":"https:\/\/www.hotelvieuxsaule.com\/?s={search_term_string}"},"query-input":"required name=search_term_string"}],"inLanguage":"ja"}]}},"_links":{"self":[{"href":"https:\/\/www.hotelvieuxsaule.com\/ja\/wp-json\/wp\/v2\/pages\/259","targetHints":{"allow":["GET"]}}],"collection":[{"href":"https:\/\/www.hotelvieuxsaule.com\/ja\/wp-json\/wp\/v2\/pages"}],"about":[{"href":"https:\/\/www.hotelvieuxsaule.com\/ja\/wp-json\/wp\/v2\/types\/page"}],"author":[{"embeddable":true,"href":"https:\/\/www.hotelvieuxsaule.com\/ja\/wp-json\/wp\/v2\/users\/1"}],"replies":[{"embeddable":true,"href":"https:\/\/www.hotelvieuxsaule.com\/ja\/wp-json\/wp\/v2\/comments?post=259"}],"version-history":[{"count":1,"href":"https:\/\/www.hotelvieuxsaule.com\/ja\/wp-json\/wp\/v2\/pages\/259\/revisions"}],"predecessor-version":[{"id":392,"href":"https:\/\/www.hotelvieuxsaule.com\/ja\/wp-json\/wp\/v2\/pages\/259\/revisions\/392"}],"wp:attachment":[{"href":"https:\/\/www.hotelvieuxsaule.com\/ja\/wp-json\/wp\/v2\/media?parent=259"}],"curies":[{"name":"wp","href":"https:\/\/api.w.org\/{rel}","templated":true}]}}