{"id":278,"date":"2021-07-12T13:24:02","date_gmt":"2021-07-12T11:24:02","guid":{"rendered":"https:\/\/www.hotelvieuxsaule.com\/new\/situation\/"},"modified":"2021-09-09T05:44:41","modified_gmt":"2021-09-09T03:44:41","slug":"dove-siamo","status":"publish","type":"page","link":"https:\/\/www.hotelvieuxsaule.com\/it\/dove-siamo\/","title":{"rendered":"Situation"},"content":{"rendered":"\n\t<section class=\"section bg-rooms\" id=\"section_2100713102\">\n\t\t<div class=\"bg section-bg fill bg-fill  bg-loaded\" >\n\n\t\t\t\n\t\t\t<div class=\"section-bg-overlay absolute fill\"><\/div>\n\t\t\t\n\n\t\t<\/div>\n\n\t\t<div class=\"section-content relative\">\n\t\t\t\n\n\n\t\t<\/div>\n\n\t\t\n<style>\n#section_2100713102 {\n  padding-top: 30px;\n  padding-bottom: 30px;\n}\n#section_2100713102 .section-bg-overlay {\n  background-color: rgba(54, 42, 27, 0.3);\n}\n<\/style>\n\t<\/section>\n\t\n\t<section class=\"section\" id=\"section_283503635\">\n\t\t<div class=\"bg section-bg fill bg-fill  bg-loaded\" >\n\n\t\t\t\n\t\t\t\n\t\t\t\n\n\t\t<\/div>\n\n\t\t<div class=\"section-content relative\">\n\t\t\t\n\n<div class=\"row row-collapse row-full-width align-center\"  id=\"row-464711122\">\n\n\n\t<div id=\"col-993689263\" class=\"col small-12 large-12\"  >\n\t\t<div class=\"col-inner\" style=\"background-color:rgb(255,255,255);\" >\n\t\t\t\n\t\t\t\n\n<p><iframe loading=\"lazy\" width=\"100%\" height=\"350\" frameborder=\"0\" scrolling=\"no\" marginheight=\"0\" marginwidth=\"0\" src=\"https:\/\/maps.google.fr\/maps?f=q&amp;source=s_q&amp;hl=fr&amp;geocode=&amp;q=6+Rue+de+Picardie,+75003+Paris&amp;aq=&amp;sll=48.863331,2.362254&amp;sspn=0.011914,0.027874&amp;ie=UTF8&amp;hq=&amp;hnear=6+Rue+de+Picardie,+75003+Paris,+%C3%8Ele-de-France&amp;t=m&amp;ll=48.862343,2.358713&amp;spn=0.035009,0.081453&amp;z=14&amp;iwloc=A&amp;output=embed\"><\/iframe><\/p>\n\n\t\t<\/div>\n\t\t\n<style>\n#col-993689263 > .col-inner {\n  padding: 0px 0px 0px 0px;\n  margin: 180px 0px 0px 0px;\n}\n<\/style>\n\t<\/div>\n\n\t\n\n<\/div>\n\n\t\t<\/div>\n\n\t\t\n<style>\n#section_283503635 {\n  padding-top: 30px;\n  padding-bottom: 30px;\n}\n<\/style>\n\t<\/section>\n\t\n\t<section class=\"section\" id=\"section_212665392\">\n\t\t<div class=\"bg section-bg fill bg-fill  bg-loaded\" >\n\n\t\t\t\n\t\t\t\n\t\t\t\n\n\t\t<\/div>\n\n\t\t<div class=\"section-content relative\">\n\t\t\t\n\n<div class=\"row row-collapse\"  id=\"row-1184701492\">\n\n\n\t<div id=\"col-1527348716\" class=\"col small-12 large-12\"  >\n\t\t<div class=\"col-inner\"  >\n\t\t\t\n\t\t\t\n\n<h3 style=\"text-align: center;\">MAPPA D\u2019ACCESSO<\/h3>\n<p>L&#8217;h\u00f4tel Du Vieux Saule si trova nel quartiere del Marais a Parigi, in una strada tranquilla del 3\u00b0 arrondissement, a 15 minuti a piedi dal Centro Pompidou, dalla cattedrale di Notre Dame, da Place des Vosges, dall\u2019Op\u00e9ra Bastille e dal quartiere della bigiotteria.<\/p>\n<p><strong>METRO linae 8 :<\/strong> stazione &#8220;Filles du Calvaire&#8221;<\/p>\n<p><img decoding=\"async\" class=\"alignright size-medium wp-image-103\" style=\"margin-bottom: 20px;\" src=\"https:\/\/www.hotelvieuxsaule.com\/wp-content\/uploads\/2021\/07\/hotel-du-vieux-saule-paris-parc-alentour-300x200.jpg\" alt=\"H\u00f4tel du Vieux Saule Paris\" width=\"300\" height=\"200\" srcset=\"https:\/\/www.hotelvieuxsaule.com\/wp-content\/uploads\/2021\/07\/hotel-du-vieux-saule-paris-parc-alentour-300x200.jpg 300w, https:\/\/www.hotelvieuxsaule.com\/wp-content\/uploads\/2021\/07\/hotel-du-vieux-saule-paris-parc-alentour-1024x683.jpg 1024w, https:\/\/www.hotelvieuxsaule.com\/wp-content\/uploads\/2021\/07\/hotel-du-vieux-saule-paris-parc-alentour-768x512.jpg 768w, https:\/\/www.hotelvieuxsaule.com\/wp-content\/uploads\/2021\/07\/hotel-du-vieux-saule-paris-parc-alentour.jpg 1500w\" sizes=\"(max-width: 300px) 100vw, 300px\" \/><\/p>\n<h3>Come raggiungere l\u2019Hotel a partire dagli aeroporti e dalle stazioni:<\/h3>\n<p><strong>Gares du Nord et Gare de l&#8217;est :<\/strong>\u00a0linea 5 = 10 min<br \/><strong>Gare de Lyon :<\/strong>\u00a0autobus N\u00b020\u00a0= 15 min<br \/><strong>Gare Saint Lazare :<\/strong>\u00a0linea 3 = 20 min<\/p>\n<p><strong>Aeroporto Charles de Gaules<\/strong>\u00a0= 45 min<br \/><strong>Aeroporto di Orly\u00a0<\/strong>= 45 min<\/p>\n\n\t\t<\/div>\n\t\t\n<style>\n#col-1527348716 > .col-inner {\n  padding: 20px 20px 20px 20px;\n}\n<\/style>\n\t<\/div>\n\n\t\n\n\n<style>\n#row-1184701492 > .col > .col-inner {\n  background-color: rgb(255,255,255);\n}\n<\/style>\n<\/div>\n\n\t\t<\/div>\n\n\t\t\n<style>\n#section_212665392 {\n  padding-top: 30px;\n  padding-bottom: 30px;\n}\n<\/style>\n\t<\/section>\n\t\n\n","protected":false},"excerpt":{"rendered":"","protected":false},"author":1,"featured_media":0,"parent":0,"menu_order":0,"comment_status":"closed","ping_status":"closed","template":"page-transparent-header.php","meta":{"footnotes":""},"class_list":["post-278","page","type-page","status-publish","hentry"],"yoast_head":"<!-- This site is optimized with the Yoast SEO plugin v22.2 - https:\/\/yoast.com\/wordpress\/plugins\/seo\/ -->\n<title>Hotel du Vieux Saule Parigi Francia, quartiere Marais - Sito ufficiale<\/title>\n<meta name=\"description\" content=\"Hotel du Vieux Saule a Parigi, quartiere Marais, nel cuore di un tipico e storico quartiere parigino.\" \/>\n<meta name=\"robots\" content=\"index, follow, max-snippet:-1, max-image-preview:large, max-video-preview:-1\" \/>\n<link rel=\"canonical\" href=\"https:\/\/www.hotelvieuxsaule.com\/it\/dove-siamo\/\" \/>\n<meta property=\"og:locale\" content=\"it_IT\" \/>\n<meta property=\"og:type\" content=\"article\" \/>\n<meta property=\"og:title\" content=\"Hotel du Vieux Saule Parigi Francia, quartiere Marais - Sito ufficiale\" \/>\n<meta property=\"og:description\" content=\"Hotel du Vieux Saule a Parigi, quartiere Marais, nel cuore di un tipico e storico quartiere parigino.\" \/>\n<meta property=\"og:url\" content=\"https:\/\/www.hotelvieuxsaule.com\/it\/dove-siamo\/\" \/>\n<meta property=\"og:site_name\" content=\"H\u00f4tel du VIeux Saule\" \/>\n<meta property=\"article:modified_time\" content=\"2021-09-09T03:44:41+00:00\" \/>\n<meta property=\"og:image\" content=\"https:\/\/www.hotelvieuxsaule.com\/wp-content\/uploads\/2021\/07\/hotel-du-vieux-saule-paris-parc-alentour-300x200.jpg\" \/>\n<meta name=\"twitter:card\" content=\"summary_large_image\" \/>\n<meta name=\"twitter:label1\" content=\"Tempo di lettura stimato\" \/>\n\t<meta name=\"twitter:data1\" content=\"1 minuto\" \/>\n<script type=\"application\/ld+json\" class=\"yoast-schema-graph\">{\"@context\":\"https:\/\/schema.org\",\"@graph\":[{\"@type\":\"WebPage\",\"@id\":\"https:\/\/www.hotelvieuxsaule.com\/it\/dove-siamo\/\",\"url\":\"https:\/\/www.hotelvieuxsaule.com\/it\/dove-siamo\/\",\"name\":\"Hotel du Vieux Saule Parigi Francia, quartiere Marais - Sito ufficiale\",\"isPartOf\":{\"@id\":\"https:\/\/www.hotelvieuxsaule.com\/#website\"},\"primaryImageOfPage\":{\"@id\":\"https:\/\/www.hotelvieuxsaule.com\/it\/dove-siamo\/#primaryimage\"},\"image\":{\"@id\":\"https:\/\/www.hotelvieuxsaule.com\/it\/dove-siamo\/#primaryimage\"},\"thumbnailUrl\":\"https:\/\/www.hotelvieuxsaule.com\/wp-content\/uploads\/2021\/07\/hotel-du-vieux-saule-paris-parc-alentour-300x200.jpg\",\"datePublished\":\"2021-07-12T11:24:02+00:00\",\"dateModified\":\"2021-09-09T03:44:41+00:00\",\"description\":\"Hotel du Vieux Saule a Parigi, quartiere Marais, nel cuore di un tipico e storico quartiere parigino.\",\"breadcrumb\":{\"@id\":\"https:\/\/www.hotelvieuxsaule.com\/it\/dove-siamo\/#breadcrumb\"},\"inLanguage\":\"it-IT\",\"potentialAction\":[{\"@type\":\"ReadAction\",\"target\":[\"https:\/\/www.hotelvieuxsaule.com\/it\/dove-siamo\/\"]}]},{\"@type\":\"ImageObject\",\"inLanguage\":\"it-IT\",\"@id\":\"https:\/\/www.hotelvieuxsaule.com\/it\/dove-siamo\/#primaryimage\",\"url\":\"https:\/\/www.hotelvieuxsaule.com\/wp-content\/uploads\/2021\/07\/hotel-du-vieux-saule-paris-parc-alentour.jpg\",\"contentUrl\":\"https:\/\/www.hotelvieuxsaule.com\/wp-content\/uploads\/2021\/07\/hotel-du-vieux-saule-paris-parc-alentour.jpg\",\"width\":1500,\"height\":1000,\"caption\":\"H\u00f4tel du Vieux Saule Paris\"},{\"@type\":\"BreadcrumbList\",\"@id\":\"https:\/\/www.hotelvieuxsaule.com\/it\/dove-siamo\/#breadcrumb\",\"itemListElement\":[{\"@type\":\"ListItem\",\"position\":1,\"name\":\"Accueil\",\"item\":\"https:\/\/www.hotelvieuxsaule.com\/it\/\"},{\"@type\":\"ListItem\",\"position\":2,\"name\":\"Situation\"}]},{\"@type\":\"WebSite\",\"@id\":\"https:\/\/www.hotelvieuxsaule.com\/#website\",\"url\":\"https:\/\/www.hotelvieuxsaule.com\/\",\"name\":\"H\u00f4tel du VIeux Saule\",\"description\":\"H\u00f4tel 3 \u00e9toiles proche Paris Marais - Place des Vosges\",\"potentialAction\":[{\"@type\":\"SearchAction\",\"target\":{\"@type\":\"EntryPoint\",\"urlTemplate\":\"https:\/\/www.hotelvieuxsaule.com\/?s={search_term_string}\"},\"query-input\":\"required name=search_term_string\"}],\"inLanguage\":\"it-IT\"}]}<\/script>\n<!-- \/ Yoast SEO plugin. -->","yoast_head_json":{"title":"Hotel du Vieux Saule Parigi Francia, quartiere Marais - Sito ufficiale","description":"Hotel du Vieux Saule a Parigi, quartiere Marais, nel cuore di un tipico e storico quartiere parigino.","robots":{"index":"index","follow":"follow","max-snippet":"max-snippet:-1","max-image-preview":"max-image-preview:large","max-video-preview":"max-video-preview:-1"},"canonical":"https:\/\/www.hotelvieuxsaule.com\/it\/dove-siamo\/","og_locale":"it_IT","og_type":"article","og_title":"Hotel du Vieux Saule Parigi Francia, quartiere Marais - Sito ufficiale","og_description":"Hotel du Vieux Saule a Parigi, quartiere Marais, nel cuore di un tipico e storico quartiere parigino.","og_url":"https:\/\/www.hotelvieuxsaule.com\/it\/dove-siamo\/","og_site_name":"H\u00f4tel du VIeux Saule","article_modified_time":"2021-09-09T03:44:41+00:00","og_image":[{"url":"https:\/\/www.hotelvieuxsaule.com\/wp-content\/uploads\/2021\/07\/hotel-du-vieux-saule-paris-parc-alentour-300x200.jpg"}],"twitter_card":"summary_large_image","twitter_misc":{"Tempo di lettura stimato":"1 minuto"},"schema":{"@context":"https:\/\/schema.org","@graph":[{"@type":"WebPage","@id":"https:\/\/www.hotelvieuxsaule.com\/it\/dove-siamo\/","url":"https:\/\/www.hotelvieuxsaule.com\/it\/dove-siamo\/","name":"Hotel du Vieux Saule Parigi Francia, quartiere Marais - Sito ufficiale","isPartOf":{"@id":"https:\/\/www.hotelvieuxsaule.com\/#website"},"primaryImageOfPage":{"@id":"https:\/\/www.hotelvieuxsaule.com\/it\/dove-siamo\/#primaryimage"},"image":{"@id":"https:\/\/www.hotelvieuxsaule.com\/it\/dove-siamo\/#primaryimage"},"thumbnailUrl":"https:\/\/www.hotelvieuxsaule.com\/wp-content\/uploads\/2021\/07\/hotel-du-vieux-saule-paris-parc-alentour-300x200.jpg","datePublished":"2021-07-12T11:24:02+00:00","dateModified":"2021-09-09T03:44:41+00:00","description":"Hotel du Vieux Saule a Parigi, quartiere Marais, nel cuore di un tipico e storico quartiere parigino.","breadcrumb":{"@id":"https:\/\/www.hotelvieuxsaule.com\/it\/dove-siamo\/#breadcrumb"},"inLanguage":"it-IT","potentialAction":[{"@type":"ReadAction","target":["https:\/\/www.hotelvieuxsaule.com\/it\/dove-siamo\/"]}]},{"@type":"ImageObject","inLanguage":"it-IT","@id":"https:\/\/www.hotelvieuxsaule.com\/it\/dove-siamo\/#primaryimage","url":"https:\/\/www.hotelvieuxsaule.com\/wp-content\/uploads\/2021\/07\/hotel-du-vieux-saule-paris-parc-alentour.jpg","contentUrl":"https:\/\/www.hotelvieuxsaule.com\/wp-content\/uploads\/2021\/07\/hotel-du-vieux-saule-paris-parc-alentour.jpg","width":1500,"height":1000,"caption":"H\u00f4tel du Vieux Saule Paris"},{"@type":"BreadcrumbList","@id":"https:\/\/www.hotelvieuxsaule.com\/it\/dove-siamo\/#breadcrumb","itemListElement":[{"@type":"ListItem","position":1,"name":"Accueil","item":"https:\/\/www.hotelvieuxsaule.com\/it\/"},{"@type":"ListItem","position":2,"name":"Situation"}]},{"@type":"WebSite","@id":"https:\/\/www.hotelvieuxsaule.com\/#website","url":"https:\/\/www.hotelvieuxsaule.com\/","name":"H\u00f4tel du VIeux Saule","description":"H\u00f4tel 3 \u00e9toiles proche Paris Marais - Place des Vosges","potentialAction":[{"@type":"SearchAction","target":{"@type":"EntryPoint","urlTemplate":"https:\/\/www.hotelvieuxsaule.com\/?s={search_term_string}"},"query-input":"required name=search_term_string"}],"inLanguage":"it-IT"}]}},"_links":{"self":[{"href":"https:\/\/www.hotelvieuxsaule.com\/it\/wp-json\/wp\/v2\/pages\/278","targetHints":{"allow":["GET"]}}],"collection":[{"href":"https:\/\/www.hotelvieuxsaule.com\/it\/wp-json\/wp\/v2\/pages"}],"about":[{"href":"https:\/\/www.hotelvieuxsaule.com\/it\/wp-json\/wp\/v2\/types\/page"}],"author":[{"embeddable":true,"href":"https:\/\/www.hotelvieuxsaule.com\/it\/wp-json\/wp\/v2\/users\/1"}],"replies":[{"embeddable":true,"href":"https:\/\/www.hotelvieuxsaule.com\/it\/wp-json\/wp\/v2\/comments?post=278"}],"version-history":[{"count":3,"href":"https:\/\/www.hotelvieuxsaule.com\/it\/wp-json\/wp\/v2\/pages\/278\/revisions"}],"predecessor-version":[{"id":638,"href":"https:\/\/www.hotelvieuxsaule.com\/it\/wp-json\/wp\/v2\/pages\/278\/revisions\/638"}],"wp:attachment":[{"href":"https:\/\/www.hotelvieuxsaule.com\/it\/wp-json\/wp\/v2\/media?parent=278"}],"curies":[{"name":"wp","href":"https:\/\/api.w.org\/{rel}","templated":true}]}}