{"id":270,"date":"2021-07-12T13:37:07","date_gmt":"2021-07-12T11:37:07","guid":{"rendered":"https:\/\/www.hotelvieuxsaule.com\/new\/offres-speciales\/"},"modified":"2024-04-16T18:47:00","modified_gmt":"2024-04-16T16:47:00","slug":"offerte-speciali","status":"publish","type":"page","link":"https:\/\/www.hotelvieuxsaule.com\/it\/offerte-speciali\/","title":{"rendered":"Offres sp\u00e9ciales"},"content":{"rendered":"\n\t<section class=\"section bg-rooms\" id=\"section_1559778855\">\n\t\t<div class=\"bg section-bg fill bg-fill  bg-loaded\" >\n\n\t\t\t\n\t\t\t<div class=\"section-bg-overlay absolute fill\"><\/div>\n\t\t\t\n\n\t\t<\/div>\n\n\t\t<div class=\"section-content relative\">\n\t\t\t\n\n\n\t\t<\/div>\n\n\t\t\n<style>\n#section_1559778855 {\n  padding-top: 0px;\n  padding-bottom: 0px;\n}\n#section_1559778855 .section-bg-overlay {\n  background-color: rgba(54, 42, 27, 0.3);\n}\n<\/style>\n\t<\/section>\n\t\n\t<section class=\"section\" id=\"section_738875354\">\n\t\t<div class=\"bg section-bg fill bg-fill  bg-loaded\" >\n\n\t\t\t\n\t\t\t\n\t\t\t\n\n\t\t<\/div>\n\n\t\t<div class=\"section-content relative\">\n\t\t\t\n\n<div class=\"row row-collapse\"  id=\"row-79305020\">\n\n\n\t<div id=\"col-2028751736\" class=\"col small-12 large-12\"  >\n\t\t<div class=\"col-inner\" style=\"background-color:rgb(255,255,255);\" >\n\t\t\t\n\t\t\t\n\n<div class=\"row row-small\"  id=\"row-1242538978\">\n\n\n\t<div id=\"col-562055024\" class=\"col medium-6 small-12 large-5\"  >\n\t\t<div class=\"col-inner\" style=\"background-color:rgb(255,255,255);\" >\n\t\t\t\n\t\t\t\n\n\t<div class=\"img has-hover x md-x lg-x y md-y lg-y\" id=\"image_1589017061\">\n\t\t\t\t\t\t\t\t<div class=\"img-inner dark\" >\n\t\t\t<img decoding=\"async\" width=\"1020\" height=\"680\" src=\"https:\/\/www.hotelvieuxsaule.com\/wp-content\/uploads\/2021\/07\/hotel-du-vieux-saule-paris-hall-reception-3-1024x683.jpg\" class=\"attachment-large size-large\" alt=\"H\u00f4tel du Vieux Saule Paris\" srcset=\"https:\/\/www.hotelvieuxsaule.com\/wp-content\/uploads\/2021\/07\/hotel-du-vieux-saule-paris-hall-reception-3-1024x683.jpg 1024w, https:\/\/www.hotelvieuxsaule.com\/wp-content\/uploads\/2021\/07\/hotel-du-vieux-saule-paris-hall-reception-3-300x200.jpg 300w, https:\/\/www.hotelvieuxsaule.com\/wp-content\/uploads\/2021\/07\/hotel-du-vieux-saule-paris-hall-reception-3-768x512.jpg 768w, https:\/\/www.hotelvieuxsaule.com\/wp-content\/uploads\/2021\/07\/hotel-du-vieux-saule-paris-hall-reception-3.jpg 1500w\" sizes=\"(max-width: 1020px) 100vw, 1020px\" \/>\t\t\t\t\t\t\n\t\t\t\t\t<\/div>\n\t\t\t\t\t\t\t\t\n<style>\n#image_1589017061 {\n  width: 100%;\n}\n<\/style>\n\t<\/div>\n\t\n\n\n\t\t<\/div>\n\t\t\n<style>\n#col-562055024 > .col-inner {\n  padding: 20px 20px 0px 20px;\n  margin: 0 0px 0px 0px;\n}\n<\/style>\n\t<\/div>\n\n\t\n\n\t<div id=\"col-735059855\" class=\"col medium-6 small-12 large-5\"  >\n\t\t<div class=\"col-inner\"  >\n\t\t\t\n\t\t\t\n\n<h3>Miglior tariffa garantita<\/h3>\n<p>I vantaggi di prenotare tramite il nostro sito ufficiale:<\/p>\n<ul>\n<li>Il miglior prezzo garantito<\/li>\n<li>Disponibilit\u00e0 in tempo reale<\/li>\n<li>Pagamento online sicuro<\/li>\n<li>Se non hai pi\u00f9 disponibilit\u00e0 su Internet, non esitare a contattarci direttamente<a href=\"tel:+33142720114\">+33 1 42 72 01 14<\/a>&nbsp;<\/li>\n<\/ul>\n\n\t\t<\/div>\n\t\t\n<style>\n#col-735059855 > .col-inner {\n  padding: 0px 20px 0px 20px;\n  margin: 0 0px 0px 0px;\n}\n@media (min-width:550px) {\n  #col-735059855 > .col-inner {\n    padding: 20px 20px 0px 20px;\n  }\n}\n@media (min-width:850px) {\n  #col-735059855 > .col-inner {\n    padding: 20px 20px 20px 20px;\n  }\n}\n<\/style>\n\t<\/div>\n\n\t\n\n\t<div id=\"col-331105479\" class=\"col medium-12 small-12 large-2\"  >\n\t\t<div class=\"col-inner text-right\"  >\n\t\t\t\n\t\t\t\n\n<a rel=\"noopener noreferrer\" href=\"https:\/\/www.secure-hotel-booking.com\/hotel-vieux-saule\/2953\/dateselection?lang=IT\" target=\"_blank\" class=\"button secondary namastay-widget-button\"  style=\"border-radius:10px;\">\n    <span>Prenotare<\/span>\n  <\/a>\n\n\n\n\t\t<\/div>\n\t\t\n<style>\n#col-331105479 > .col-inner {\n  padding: 0px 20px 0px 20px;\n}\n@media (min-width:850px) {\n  #col-331105479 > .col-inner {\n    padding: 20px 20px 20px 20px;\n  }\n}\n<\/style>\n\t<\/div>\n\n\t\n\n\n<style>\n#row-1242538978 > .col > .col-inner {\n  background-color: rgb(255,255,255);\n}\n<\/style>\n<\/div>\n\n\t\t<\/div>\n\t\t\n<style>\n#col-2028751736 > .col-inner {\n  margin: 180px 0px 0px 0px;\n}\n<\/style>\n\t<\/div>\n\n\t\n\n\n<style>\n#row-79305020 > .col > .col-inner {\n  background-color: rgb(255,255,255);\n}\n<\/style>\n<\/div>\n<div class=\"row row-collapse\"  id=\"row-702841421\">\n\n\n\t<div id=\"col-1112582316\" class=\"col small-12 large-12\"  >\n\t\t<div class=\"col-inner\" style=\"background-color:rgb(255,255,255);\" >\n\t\t\t\n\t\t\t\n\n<div class=\"row row-small\"  id=\"row-1038219168\">\n\n\n\t<div id=\"col-99729648\" class=\"col medium-6 small-12 large-5\"  >\n\t\t<div class=\"col-inner\" style=\"background-color:rgb(255,255,255);\" >\n\t\t\t\n\t\t\t\n\n\t<div class=\"img has-hover x md-x lg-x y md-y lg-y\" id=\"image_702188944\">\n\t\t\t\t\t\t\t\t<div class=\"img-inner dark\" >\n\t\t\t<img decoding=\"async\" width=\"1020\" height=\"680\" src=\"https:\/\/www.hotelvieuxsaule.com\/wp-content\/uploads\/2021\/07\/hotel-du-vieux-saule-paris-pdj-4-1024x683.jpg\" class=\"attachment-large size-large\" alt=\"H\u00f4tel du Vieux Saule Paris\" srcset=\"https:\/\/www.hotelvieuxsaule.com\/wp-content\/uploads\/2021\/07\/hotel-du-vieux-saule-paris-pdj-4-1024x683.jpg 1024w, https:\/\/www.hotelvieuxsaule.com\/wp-content\/uploads\/2021\/07\/hotel-du-vieux-saule-paris-pdj-4-300x200.jpg 300w, https:\/\/www.hotelvieuxsaule.com\/wp-content\/uploads\/2021\/07\/hotel-du-vieux-saule-paris-pdj-4-768x512.jpg 768w, https:\/\/www.hotelvieuxsaule.com\/wp-content\/uploads\/2021\/07\/hotel-du-vieux-saule-paris-pdj-4.jpg 1500w\" sizes=\"(max-width: 1020px) 100vw, 1020px\" \/>\t\t\t\t\t\t\n\t\t\t\t\t<\/div>\n\t\t\t\t\t\t\t\t\n<style>\n#image_702188944 {\n  width: 100%;\n}\n<\/style>\n\t<\/div>\n\t\n\n\n\t\t<\/div>\n\t\t\n<style>\n#col-99729648 > .col-inner {\n  padding: 20px 20px 0px 20px;\n  margin: 0 0px 0px 0px;\n}\n<\/style>\n\t<\/div>\n\n\t\n\n\t<div id=\"col-1945175362\" class=\"col medium-6 small-12 large-5\"  >\n\t\t<div class=\"col-inner\"  >\n\t\t\t\n\t\t\t\n\n<h3>Colazione inclusa<\/h3>\n<p>Cancellazione gratuita prima del 07\/11\/2021. Se la cancellazione avviene in seguito o in caso di mancata presentazione, la prima notte senza extra viene addebitata e non \u00e8 rimborsabile<\/p>\n\n\t\t<\/div>\n\t\t\n<style>\n#col-1945175362 > .col-inner {\n  padding: 0px 20px 0px 20px;\n  margin: 0 0px 0px 0px;\n}\n@media (min-width:550px) {\n  #col-1945175362 > .col-inner {\n    padding: 20px 20px 0px 20px;\n  }\n}\n@media (min-width:850px) {\n  #col-1945175362 > .col-inner {\n    padding: 20px 20px 20px 20px;\n  }\n}\n<\/style>\n\t<\/div>\n\n\t\n\n\t<div id=\"col-342305491\" class=\"col medium-12 small-12 large-2\"  >\n\t\t<div class=\"col-inner text-right\"  >\n\t\t\t\n\t\t\t\n\n<a rel=\"noopener noreferrer\" href=\"https:\/\/www.secure-hotel-booking.com\/hotel-vieux-saule\/2953\/dateselection?lang=IT\" target=\"_blank\" class=\"button secondary namastay-widget-button\"  style=\"border-radius:10px;\">\n    <span>Prenotare<\/span>\n  <\/a>\n\n\n\n\t\t<\/div>\n\t\t\n<style>\n#col-342305491 > .col-inner {\n  padding: 0px 20px 0px 20px;\n}\n@media (min-width:850px) {\n  #col-342305491 > .col-inner {\n    padding: 20px 20px 20px 20px;\n  }\n}\n<\/style>\n\t<\/div>\n\n\t\n\n\n<style>\n#row-1038219168 > .col > .col-inner {\n  background-color: rgb(255,255,255);\n}\n<\/style>\n<\/div>\n\n\t\t<\/div>\n\t\t\n<style>\n#col-1112582316 > .col-inner {\n  margin: 50px 0px 0px 0px;\n}\n<\/style>\n\t<\/div>\n\n\t\n\n\n<style>\n#row-702841421 > .col > .col-inner {\n  background-color: rgb(255,255,255);\n}\n<\/style>\n<\/div>\n\n\t\t<\/div>\n\n\t\t\n<style>\n#section_738875354 {\n  padding-top: 30px;\n  padding-bottom: 30px;\n}\n<\/style>\n\t<\/section>\n\t\n\n","protected":false},"excerpt":{"rendered":"","protected":false},"author":1,"featured_media":0,"parent":0,"menu_order":0,"comment_status":"closed","ping_status":"open","template":"page-transparent-header.php","meta":{"footnotes":""},"class_list":["post-270","page","type-page","status-publish","hentry"],"yoast_head":"<!-- This site is optimized with the Yoast SEO plugin v22.2 - https:\/\/yoast.com\/wordpress\/plugins\/seo\/ -->\n<title>Offerte speciali del&#039;Hotel du Vieux Saule Parigi Francia, quartiere Marais<\/title>\n<meta name=\"description\" content=\"Offerte speciali del&#039;Hotel du Vieux Saule a Parigi, quartiere Marais, nel cuore di un tipico e storico quartiere parigino.\" \/>\n<meta name=\"robots\" content=\"index, follow, max-snippet:-1, max-image-preview:large, max-video-preview:-1\" \/>\n<link rel=\"canonical\" href=\"https:\/\/www.hotelvieuxsaule.com\/it\/offerte-speciali\/\" \/>\n<meta property=\"og:locale\" content=\"it_IT\" \/>\n<meta property=\"og:type\" content=\"article\" \/>\n<meta property=\"og:title\" content=\"Offerte speciali del&#039;Hotel du Vieux Saule Parigi Francia, quartiere Marais\" \/>\n<meta property=\"og:description\" content=\"Offerte speciali del&#039;Hotel du Vieux Saule a Parigi, quartiere Marais, nel cuore di un tipico e storico quartiere parigino.\" \/>\n<meta property=\"og:url\" content=\"https:\/\/www.hotelvieuxsaule.com\/it\/offerte-speciali\/\" \/>\n<meta property=\"og:site_name\" content=\"H\u00f4tel du VIeux Saule\" \/>\n<meta property=\"article:modified_time\" content=\"2024-04-16T16:47:00+00:00\" \/>\n<meta name=\"twitter:card\" content=\"summary_large_image\" \/>\n<meta name=\"twitter:label1\" content=\"Tempo di lettura stimato\" \/>\n\t<meta name=\"twitter:data1\" content=\"2 minuti\" \/>\n<script type=\"application\/ld+json\" class=\"yoast-schema-graph\">{\"@context\":\"https:\/\/schema.org\",\"@graph\":[{\"@type\":\"WebPage\",\"@id\":\"https:\/\/www.hotelvieuxsaule.com\/it\/offerte-speciali\/\",\"url\":\"https:\/\/www.hotelvieuxsaule.com\/it\/offerte-speciali\/\",\"name\":\"Offerte speciali del'Hotel du Vieux Saule Parigi Francia, quartiere Marais\",\"isPartOf\":{\"@id\":\"https:\/\/www.hotelvieuxsaule.com\/#website\"},\"datePublished\":\"2021-07-12T11:37:07+00:00\",\"dateModified\":\"2024-04-16T16:47:00+00:00\",\"description\":\"Offerte speciali del'Hotel du Vieux Saule a Parigi, quartiere Marais, nel cuore di un tipico e storico quartiere parigino.\",\"breadcrumb\":{\"@id\":\"https:\/\/www.hotelvieuxsaule.com\/it\/offerte-speciali\/#breadcrumb\"},\"inLanguage\":\"it-IT\",\"potentialAction\":[{\"@type\":\"ReadAction\",\"target\":[\"https:\/\/www.hotelvieuxsaule.com\/it\/offerte-speciali\/\"]}]},{\"@type\":\"BreadcrumbList\",\"@id\":\"https:\/\/www.hotelvieuxsaule.com\/it\/offerte-speciali\/#breadcrumb\",\"itemListElement\":[{\"@type\":\"ListItem\",\"position\":1,\"name\":\"Accueil\",\"item\":\"https:\/\/www.hotelvieuxsaule.com\/it\/\"},{\"@type\":\"ListItem\",\"position\":2,\"name\":\"Offres sp\u00e9ciales\"}]},{\"@type\":\"WebSite\",\"@id\":\"https:\/\/www.hotelvieuxsaule.com\/#website\",\"url\":\"https:\/\/www.hotelvieuxsaule.com\/\",\"name\":\"H\u00f4tel du VIeux Saule\",\"description\":\"H\u00f4tel 3 \u00e9toiles proche Paris Marais - Place des Vosges\",\"potentialAction\":[{\"@type\":\"SearchAction\",\"target\":{\"@type\":\"EntryPoint\",\"urlTemplate\":\"https:\/\/www.hotelvieuxsaule.com\/?s={search_term_string}\"},\"query-input\":\"required name=search_term_string\"}],\"inLanguage\":\"it-IT\"}]}<\/script>\n<!-- \/ Yoast SEO plugin. -->","yoast_head_json":{"title":"Offerte speciali del'Hotel du Vieux Saule Parigi Francia, quartiere Marais","description":"Offerte speciali del'Hotel du Vieux Saule a Parigi, quartiere Marais, nel cuore di un tipico e storico quartiere parigino.","robots":{"index":"index","follow":"follow","max-snippet":"max-snippet:-1","max-image-preview":"max-image-preview:large","max-video-preview":"max-video-preview:-1"},"canonical":"https:\/\/www.hotelvieuxsaule.com\/it\/offerte-speciali\/","og_locale":"it_IT","og_type":"article","og_title":"Offerte speciali del'Hotel du Vieux Saule Parigi Francia, quartiere Marais","og_description":"Offerte speciali del'Hotel du Vieux Saule a Parigi, quartiere Marais, nel cuore di un tipico e storico quartiere parigino.","og_url":"https:\/\/www.hotelvieuxsaule.com\/it\/offerte-speciali\/","og_site_name":"H\u00f4tel du VIeux Saule","article_modified_time":"2024-04-16T16:47:00+00:00","twitter_card":"summary_large_image","twitter_misc":{"Tempo di lettura stimato":"2 minuti"},"schema":{"@context":"https:\/\/schema.org","@graph":[{"@type":"WebPage","@id":"https:\/\/www.hotelvieuxsaule.com\/it\/offerte-speciali\/","url":"https:\/\/www.hotelvieuxsaule.com\/it\/offerte-speciali\/","name":"Offerte speciali del'Hotel du Vieux Saule Parigi Francia, quartiere Marais","isPartOf":{"@id":"https:\/\/www.hotelvieuxsaule.com\/#website"},"datePublished":"2021-07-12T11:37:07+00:00","dateModified":"2024-04-16T16:47:00+00:00","description":"Offerte speciali del'Hotel du Vieux Saule a Parigi, quartiere Marais, nel cuore di un tipico e storico quartiere parigino.","breadcrumb":{"@id":"https:\/\/www.hotelvieuxsaule.com\/it\/offerte-speciali\/#breadcrumb"},"inLanguage":"it-IT","potentialAction":[{"@type":"ReadAction","target":["https:\/\/www.hotelvieuxsaule.com\/it\/offerte-speciali\/"]}]},{"@type":"BreadcrumbList","@id":"https:\/\/www.hotelvieuxsaule.com\/it\/offerte-speciali\/#breadcrumb","itemListElement":[{"@type":"ListItem","position":1,"name":"Accueil","item":"https:\/\/www.hotelvieuxsaule.com\/it\/"},{"@type":"ListItem","position":2,"name":"Offres sp\u00e9ciales"}]},{"@type":"WebSite","@id":"https:\/\/www.hotelvieuxsaule.com\/#website","url":"https:\/\/www.hotelvieuxsaule.com\/","name":"H\u00f4tel du VIeux Saule","description":"H\u00f4tel 3 \u00e9toiles proche Paris Marais - Place des Vosges","potentialAction":[{"@type":"SearchAction","target":{"@type":"EntryPoint","urlTemplate":"https:\/\/www.hotelvieuxsaule.com\/?s={search_term_string}"},"query-input":"required name=search_term_string"}],"inLanguage":"it-IT"}]}},"_links":{"self":[{"href":"https:\/\/www.hotelvieuxsaule.com\/it\/wp-json\/wp\/v2\/pages\/270","targetHints":{"allow":["GET"]}}],"collection":[{"href":"https:\/\/www.hotelvieuxsaule.com\/it\/wp-json\/wp\/v2\/pages"}],"about":[{"href":"https:\/\/www.hotelvieuxsaule.com\/it\/wp-json\/wp\/v2\/types\/page"}],"author":[{"embeddable":true,"href":"https:\/\/www.hotelvieuxsaule.com\/it\/wp-json\/wp\/v2\/users\/1"}],"replies":[{"embeddable":true,"href":"https:\/\/www.hotelvieuxsaule.com\/it\/wp-json\/wp\/v2\/comments?post=270"}],"version-history":[{"count":3,"href":"https:\/\/www.hotelvieuxsaule.com\/it\/wp-json\/wp\/v2\/pages\/270\/revisions"}],"predecessor-version":[{"id":976,"href":"https:\/\/www.hotelvieuxsaule.com\/it\/wp-json\/wp\/v2\/pages\/270\/revisions\/976"}],"wp:attachment":[{"href":"https:\/\/www.hotelvieuxsaule.com\/it\/wp-json\/wp\/v2\/media?parent=270"}],"curies":[{"name":"wp","href":"https:\/\/api.w.org\/{rel}","templated":true}]}}