{"id":258,"date":"2021-06-21T14:30:57","date_gmt":"2021-06-21T12:30:57","guid":{"rendered":"https:\/\/www.hotelvieuxsaule.com\/new\/page-d-exemple\/"},"modified":"2021-09-07T16:41:01","modified_gmt":"2021-09-07T14:41:01","slug":"page-d-exemple","status":"publish","type":"page","link":"https:\/\/www.hotelvieuxsaule.com\/it\/","title":{"rendered":"Accueil"},"content":{"rendered":"\n\t<section class=\"section\" id=\"section_1454302220\">\n\t\t<div class=\"bg section-bg fill bg-fill  bg-loaded\" >\n\n\t\t\t\n\t\t\t\n\t\t\t\n\n\t\t<\/div>\n\n\t\t<div class=\"section-content relative\">\n\t\t\t\n\n<div class=\"slider-wrapper relative\" id=\"slider-520397831\" >\n    <div class=\"slider slider-nav-circle slider-nav-large slider-nav-light slider-style-normal\"\n        data-flickity-options='{\n            \"cellAlign\": \"center\",\n            \"imagesLoaded\": true,\n            \"lazyLoad\": 1,\n            \"freeScroll\": false,\n            \"wrapAround\": true,\n            \"autoPlay\": 6000,\n            \"pauseAutoPlayOnHover\" : true,\n            \"prevNextButtons\": true,\n            \"contain\" : true,\n            \"adaptiveHeight\" : true,\n            \"dragThreshold\" : 10,\n            \"percentPosition\": true,\n            \"pageDots\": true,\n            \"rightToLeft\": false,\n            \"draggable\": true,\n            \"selectedAttraction\": 0.1,\n            \"parallax\" : 0,\n            \"friction\": 0.6        }'\n        >\n        \n\n\n  <div class=\"banner has-hover is-full-height\" id=\"banner-540406169\">\n          <div class=\"banner-inner fill\">\n        <div class=\"banner-bg fill\" >\n            <div class=\"bg fill bg-fill \"><\/div>\n                                    \n                    <\/div>\n        <div class=\"banner-layers container\">\n            <div class=\"fill banner-link\"><\/div>            \n\n   <div id=\"text-box-1790535558\" class=\"text-box banner-layer x50 md-x50 lg-x50 y50 md-y50 lg-y50 res-text\">\n                                <div class=\"text-box-content text dark\">\n              \n              <div class=\"text-inner text-center\">\n                  \n\n\n              <\/div>\n           <\/div>\n                            \n<style>\n#text-box-1790535558 {\n  width: 60%;\n}\n#text-box-1790535558 .text-box-content {\n  font-size: 100%;\n}\n<\/style>\n    <\/div>\n \n\n        <\/div>\n      <\/div>\n\n            \n<style>\n#banner-540406169 {\n  padding-top: 100%;\n}\n#banner-540406169 .bg.bg-loaded {\n  background-image: url(https:\/\/www.hotelvieuxsaule.com\/wp-content\/uploads\/2021\/06\/hotel-du-vieux-saule-paris-facade.jpg);\n}\n<\/style>\n  <\/div>\n\n\n\n  <div class=\"banner has-hover is-full-height\" id=\"banner-319890656\">\n          <div class=\"banner-inner fill\">\n        <div class=\"banner-bg fill\" >\n            <div class=\"bg fill bg-fill \"><\/div>\n                                    \n                    <\/div>\n        <div class=\"banner-layers container\">\n            <div class=\"fill banner-link\"><\/div>            \n\n   <div id=\"text-box-1618902342\" class=\"text-box banner-layer x50 md-x50 lg-x50 y50 md-y50 lg-y50 res-text\">\n                                <div class=\"text-box-content text dark\">\n              \n              <div class=\"text-inner text-center\">\n                  \n\n\n              <\/div>\n           <\/div>\n                            \n<style>\n#text-box-1618902342 {\n  width: 60%;\n}\n#text-box-1618902342 .text-box-content {\n  font-size: 100%;\n}\n<\/style>\n    <\/div>\n \n\n        <\/div>\n      <\/div>\n\n            \n<style>\n#banner-319890656 {\n  padding-top: 100%;\n}\n#banner-319890656 .bg.bg-loaded {\n  background-image: url(https:\/\/www.hotelvieuxsaule.com\/wp-content\/uploads\/2021\/07\/hotel-du-vieux-saule-paris-hall-reception-2.jpg);\n}\n<\/style>\n  <\/div>\n\n\n\n  <div class=\"banner has-hover is-full-height\" id=\"banner-2082204731\">\n          <div class=\"banner-inner fill\">\n        <div class=\"banner-bg fill\" >\n            <div class=\"bg fill bg-fill \"><\/div>\n                                    \n                    <\/div>\n        <div class=\"banner-layers container\">\n            <div class=\"fill banner-link\"><\/div>            \n\n   <div id=\"text-box-133410865\" class=\"text-box banner-layer x50 md-x50 lg-x50 y50 md-y50 lg-y50 res-text\">\n                                <div class=\"text-box-content text dark\">\n              \n              <div class=\"text-inner text-center\">\n                  \n\n\n              <\/div>\n           <\/div>\n                            \n<style>\n#text-box-133410865 {\n  width: 60%;\n}\n#text-box-133410865 .text-box-content {\n  font-size: 100%;\n}\n<\/style>\n    <\/div>\n \n\n        <\/div>\n      <\/div>\n\n            \n<style>\n#banner-2082204731 {\n  padding-top: 100%;\n}\n#banner-2082204731 .bg.bg-loaded {\n  background-image: url(https:\/\/www.hotelvieuxsaule.com\/wp-content\/uploads\/2021\/07\/hotel-du-vieux-saule-paris-patio-1.jpg);\n}\n#banner-2082204731 .bg {\n  background-position: left;\n}\n<\/style>\n  <\/div>\n\n\n\n  <div class=\"banner has-hover is-full-height\" id=\"banner-1402673724\">\n          <div class=\"banner-inner fill\">\n        <div class=\"banner-bg fill\" >\n            <div class=\"bg fill bg-fill \"><\/div>\n                                    \n                    <\/div>\n        <div class=\"banner-layers container\">\n            <div class=\"fill banner-link\"><\/div>            \n\n   <div id=\"text-box-995047044\" class=\"text-box banner-layer x50 md-x50 lg-x50 y50 md-y50 lg-y50 res-text\">\n                                <div class=\"text-box-content text dark\">\n              \n              <div class=\"text-inner text-center\">\n                  \n\n\n              <\/div>\n           <\/div>\n                            \n<style>\n#text-box-995047044 {\n  width: 60%;\n}\n#text-box-995047044 .text-box-content {\n  font-size: 100%;\n}\n<\/style>\n    <\/div>\n \n\n        <\/div>\n      <\/div>\n\n            \n<style>\n#banner-1402673724 {\n  padding-top: 100%;\n}\n#banner-1402673724 .bg.bg-loaded {\n  background-image: url(https:\/\/www.hotelvieuxsaule.com\/wp-content\/uploads\/2021\/07\/hotel-du-vieux-saule-paris-pdj-5.jpg);\n}\n<\/style>\n  <\/div>\n\n\n\n  <div class=\"banner has-hover is-full-height\" id=\"banner-26059373\">\n          <div class=\"banner-inner fill\">\n        <div class=\"banner-bg fill\" >\n            <div class=\"bg fill bg-fill \"><\/div>\n                                    \n                    <\/div>\n        <div class=\"banner-layers container\">\n            <div class=\"fill banner-link\"><\/div>            \n\n   <div id=\"text-box-704856087\" class=\"text-box banner-layer x50 md-x50 lg-x50 y50 md-y50 lg-y50 res-text\">\n                                <div class=\"text-box-content text dark\">\n              \n              <div class=\"text-inner text-center\">\n                  \n\n\n              <\/div>\n           <\/div>\n                            \n<style>\n#text-box-704856087 {\n  width: 60%;\n}\n#text-box-704856087 .text-box-content {\n  font-size: 100%;\n}\n<\/style>\n    <\/div>\n \n\n        <\/div>\n      <\/div>\n\n            \n<style>\n#banner-26059373 {\n  padding-top: 100%;\n}\n#banner-26059373 .bg.bg-loaded {\n  background-image: url(https:\/\/www.hotelvieuxsaule.com\/wp-content\/uploads\/2021\/06\/hotel-du-vieux-saule-paris-facade-3.jpg);\n}\n<\/style>\n  <\/div>\n\n\n\n     <\/div>\n\n     <div class=\"loading-spin dark large centered\"><\/div>\n\n     \t<\/div>\n\n\n\n\t\t<\/div>\n\n\t\t\n<style>\n#section_1454302220 {\n  padding-top: 0px;\n  padding-bottom: 0px;\n}\n<\/style>\n\t<\/section>\n\t\n\n","protected":false},"excerpt":{"rendered":"","protected":false},"author":1,"featured_media":0,"parent":0,"menu_order":0,"comment_status":"closed","ping_status":"open","template":"page-transparent-header.php","meta":{"footnotes":""},"class_list":["post-258","page","type-page","status-publish","hentry"],"yoast_head":"<!-- This site is optimized with the Yoast SEO plugin v22.2 - https:\/\/yoast.com\/wordpress\/plugins\/seo\/ -->\n<title>Hotel du Vieux Saule Parigi Francia, quartiere Marais - Sito ufficiale<\/title>\n<meta name=\"description\" content=\"Hotel du Vieux Saule, Hotel 3 stelle, nel famoso quartiere del Marais, vicino a Place de la R\u00e9publique, il fascino discreto di un hotel indipendente nel cuore di un tipico e storico quartiere parigino.\" \/>\n<meta name=\"robots\" content=\"index, follow, max-snippet:-1, max-image-preview:large, max-video-preview:-1\" \/>\n<link rel=\"canonical\" href=\"https:\/\/www.hotelvieuxsaule.com\/it\/\" \/>\n<meta property=\"og:locale\" content=\"it_IT\" \/>\n<meta property=\"og:type\" content=\"article\" \/>\n<meta property=\"og:title\" content=\"Hotel du Vieux Saule Parigi Francia, quartiere Marais - Sito ufficiale\" \/>\n<meta property=\"og:description\" content=\"Hotel du Vieux Saule, Hotel 3 stelle, nel famoso quartiere del Marais, vicino a Place de la R\u00e9publique, il fascino discreto di un hotel indipendente nel cuore di un tipico e storico quartiere parigino.\" \/>\n<meta property=\"og:url\" content=\"https:\/\/www.hotelvieuxsaule.com\/it\/\" \/>\n<meta property=\"og:site_name\" content=\"H\u00f4tel du VIeux Saule\" \/>\n<meta property=\"article:modified_time\" content=\"2021-09-07T14:41:01+00:00\" \/>\n<meta name=\"twitter:card\" content=\"summary_large_image\" \/>\n<meta name=\"twitter:label1\" content=\"Tempo di lettura stimato\" \/>\n\t<meta name=\"twitter:data1\" content=\"1 minuto\" \/>\n<script type=\"application\/ld+json\" class=\"yoast-schema-graph\">{\"@context\":\"https:\/\/schema.org\",\"@graph\":[{\"@type\":\"WebPage\",\"@id\":\"https:\/\/www.hotelvieuxsaule.com\/it\/\",\"url\":\"https:\/\/www.hotelvieuxsaule.com\/it\/\",\"name\":\"Hotel du Vieux Saule Parigi Francia, quartiere Marais - Sito ufficiale\",\"isPartOf\":{\"@id\":\"https:\/\/www.hotelvieuxsaule.com\/#website\"},\"datePublished\":\"2021-06-21T12:30:57+00:00\",\"dateModified\":\"2021-09-07T14:41:01+00:00\",\"description\":\"Hotel du Vieux Saule, Hotel 3 stelle, nel famoso quartiere del Marais, vicino a Place de la R\u00e9publique, il fascino discreto di un hotel indipendente nel cuore di un tipico e storico quartiere parigino.\",\"breadcrumb\":{\"@id\":\"https:\/\/www.hotelvieuxsaule.com\/it\/#breadcrumb\"},\"inLanguage\":\"it-IT\",\"potentialAction\":[{\"@type\":\"ReadAction\",\"target\":[\"https:\/\/www.hotelvieuxsaule.com\/it\/\"]}]},{\"@type\":\"BreadcrumbList\",\"@id\":\"https:\/\/www.hotelvieuxsaule.com\/it\/#breadcrumb\",\"itemListElement\":[{\"@type\":\"ListItem\",\"position\":1,\"name\":\"Accueil\",\"item\":\"https:\/\/www.hotelvieuxsaule.com\/it\/\"},{\"@type\":\"ListItem\",\"position\":2,\"name\":\"Accueil\"}]},{\"@type\":\"WebSite\",\"@id\":\"https:\/\/www.hotelvieuxsaule.com\/#website\",\"url\":\"https:\/\/www.hotelvieuxsaule.com\/\",\"name\":\"H\u00f4tel du VIeux Saule\",\"description\":\"H\u00f4tel 3 \u00e9toiles proche Paris Marais - Place des Vosges\",\"potentialAction\":[{\"@type\":\"SearchAction\",\"target\":{\"@type\":\"EntryPoint\",\"urlTemplate\":\"https:\/\/www.hotelvieuxsaule.com\/?s={search_term_string}\"},\"query-input\":\"required name=search_term_string\"}],\"inLanguage\":\"it-IT\"}]}<\/script>\n<!-- \/ Yoast SEO plugin. -->","yoast_head_json":{"title":"Hotel du Vieux Saule Parigi Francia, quartiere Marais - Sito ufficiale","description":"Hotel du Vieux Saule, Hotel 3 stelle, nel famoso quartiere del Marais, vicino a Place de la R\u00e9publique, il fascino discreto di un hotel indipendente nel cuore di un tipico e storico quartiere parigino.","robots":{"index":"index","follow":"follow","max-snippet":"max-snippet:-1","max-image-preview":"max-image-preview:large","max-video-preview":"max-video-preview:-1"},"canonical":"https:\/\/www.hotelvieuxsaule.com\/it\/","og_locale":"it_IT","og_type":"article","og_title":"Hotel du Vieux Saule Parigi Francia, quartiere Marais - Sito ufficiale","og_description":"Hotel du Vieux Saule, Hotel 3 stelle, nel famoso quartiere del Marais, vicino a Place de la R\u00e9publique, il fascino discreto di un hotel indipendente nel cuore di un tipico e storico quartiere parigino.","og_url":"https:\/\/www.hotelvieuxsaule.com\/it\/","og_site_name":"H\u00f4tel du VIeux Saule","article_modified_time":"2021-09-07T14:41:01+00:00","twitter_card":"summary_large_image","twitter_misc":{"Tempo di lettura stimato":"1 minuto"},"schema":{"@context":"https:\/\/schema.org","@graph":[{"@type":"WebPage","@id":"https:\/\/www.hotelvieuxsaule.com\/it\/","url":"https:\/\/www.hotelvieuxsaule.com\/it\/","name":"Hotel du Vieux Saule Parigi Francia, quartiere Marais - Sito ufficiale","isPartOf":{"@id":"https:\/\/www.hotelvieuxsaule.com\/#website"},"datePublished":"2021-06-21T12:30:57+00:00","dateModified":"2021-09-07T14:41:01+00:00","description":"Hotel du Vieux Saule, Hotel 3 stelle, nel famoso quartiere del Marais, vicino a Place de la R\u00e9publique, il fascino discreto di un hotel indipendente nel cuore di un tipico e storico quartiere parigino.","breadcrumb":{"@id":"https:\/\/www.hotelvieuxsaule.com\/it\/#breadcrumb"},"inLanguage":"it-IT","potentialAction":[{"@type":"ReadAction","target":["https:\/\/www.hotelvieuxsaule.com\/it\/"]}]},{"@type":"BreadcrumbList","@id":"https:\/\/www.hotelvieuxsaule.com\/it\/#breadcrumb","itemListElement":[{"@type":"ListItem","position":1,"name":"Accueil","item":"https:\/\/www.hotelvieuxsaule.com\/it\/"},{"@type":"ListItem","position":2,"name":"Accueil"}]},{"@type":"WebSite","@id":"https:\/\/www.hotelvieuxsaule.com\/#website","url":"https:\/\/www.hotelvieuxsaule.com\/","name":"H\u00f4tel du VIeux Saule","description":"H\u00f4tel 3 \u00e9toiles proche Paris Marais - Place des Vosges","potentialAction":[{"@type":"SearchAction","target":{"@type":"EntryPoint","urlTemplate":"https:\/\/www.hotelvieuxsaule.com\/?s={search_term_string}"},"query-input":"required name=search_term_string"}],"inLanguage":"it-IT"}]}},"_links":{"self":[{"href":"https:\/\/www.hotelvieuxsaule.com\/it\/wp-json\/wp\/v2\/pages\/258","targetHints":{"allow":["GET"]}}],"collection":[{"href":"https:\/\/www.hotelvieuxsaule.com\/it\/wp-json\/wp\/v2\/pages"}],"about":[{"href":"https:\/\/www.hotelvieuxsaule.com\/it\/wp-json\/wp\/v2\/types\/page"}],"author":[{"embeddable":true,"href":"https:\/\/www.hotelvieuxsaule.com\/it\/wp-json\/wp\/v2\/users\/1"}],"replies":[{"embeddable":true,"href":"https:\/\/www.hotelvieuxsaule.com\/it\/wp-json\/wp\/v2\/comments?post=258"}],"version-history":[{"count":1,"href":"https:\/\/www.hotelvieuxsaule.com\/it\/wp-json\/wp\/v2\/pages\/258\/revisions"}],"predecessor-version":[{"id":364,"href":"https:\/\/www.hotelvieuxsaule.com\/it\/wp-json\/wp\/v2\/pages\/258\/revisions\/364"}],"wp:attachment":[{"href":"https:\/\/www.hotelvieuxsaule.com\/it\/wp-json\/wp\/v2\/media?parent=258"}],"curies":[{"name":"wp","href":"https:\/\/api.w.org\/{rel}","templated":true}]}}