{"id":272,"date":"2021-07-12T13:37:07","date_gmt":"2021-07-12T11:37:07","guid":{"rendered":"https:\/\/www.hotelvieuxsaule.com\/new\/offres-speciales\/"},"modified":"2024-04-16T18:47:38","modified_gmt":"2024-04-16T16:47:38","slug":"ofertas-especiales","status":"publish","type":"page","link":"https:\/\/www.hotelvieuxsaule.com\/es\/ofertas-especiales\/","title":{"rendered":"Offres sp\u00e9ciales"},"content":{"rendered":"\n\t<section class=\"section bg-rooms\" id=\"section_2086772537\">\n\t\t<div class=\"bg section-bg fill bg-fill  bg-loaded\" >\n\n\t\t\t\n\t\t\t<div class=\"section-bg-overlay absolute fill\"><\/div>\n\t\t\t\n\n\t\t<\/div>\n\n\t\t<div class=\"section-content relative\">\n\t\t\t\n\n\n\t\t<\/div>\n\n\t\t\n<style>\n#section_2086772537 {\n  padding-top: 0px;\n  padding-bottom: 0px;\n}\n#section_2086772537 .section-bg-overlay {\n  background-color: rgba(54, 42, 27, 0.3);\n}\n<\/style>\n\t<\/section>\n\t\n\t<section class=\"section\" id=\"section_1220099881\">\n\t\t<div class=\"bg section-bg fill bg-fill  bg-loaded\" >\n\n\t\t\t\n\t\t\t\n\t\t\t\n\n\t\t<\/div>\n\n\t\t<div class=\"section-content relative\">\n\t\t\t\n\n<div class=\"row row-collapse\"  id=\"row-661739856\">\n\n\n\t<div id=\"col-1415375672\" class=\"col small-12 large-12\"  >\n\t\t<div class=\"col-inner\" style=\"background-color:rgb(255,255,255);\" >\n\t\t\t\n\t\t\t\n\n<div class=\"row row-small\"  id=\"row-1032082826\">\n\n\n\t<div id=\"col-2003234624\" class=\"col medium-6 small-12 large-5\"  >\n\t\t<div class=\"col-inner\" style=\"background-color:rgb(255,255,255);\" >\n\t\t\t\n\t\t\t\n\n\t<div class=\"img has-hover x md-x lg-x y md-y lg-y\" id=\"image_1370441629\">\n\t\t\t\t\t\t\t\t<div class=\"img-inner dark\" >\n\t\t\t<img decoding=\"async\" width=\"1020\" height=\"680\" src=\"https:\/\/www.hotelvieuxsaule.com\/wp-content\/uploads\/2021\/07\/hotel-du-vieux-saule-paris-hall-reception-3-1024x683.jpg\" class=\"attachment-large size-large\" alt=\"H\u00f4tel du Vieux Saule Paris\" srcset=\"https:\/\/www.hotelvieuxsaule.com\/wp-content\/uploads\/2021\/07\/hotel-du-vieux-saule-paris-hall-reception-3-1024x683.jpg 1024w, https:\/\/www.hotelvieuxsaule.com\/wp-content\/uploads\/2021\/07\/hotel-du-vieux-saule-paris-hall-reception-3-300x200.jpg 300w, https:\/\/www.hotelvieuxsaule.com\/wp-content\/uploads\/2021\/07\/hotel-du-vieux-saule-paris-hall-reception-3-768x512.jpg 768w, https:\/\/www.hotelvieuxsaule.com\/wp-content\/uploads\/2021\/07\/hotel-du-vieux-saule-paris-hall-reception-3.jpg 1500w\" sizes=\"(max-width: 1020px) 100vw, 1020px\" \/>\t\t\t\t\t\t\n\t\t\t\t\t<\/div>\n\t\t\t\t\t\t\t\t\n<style>\n#image_1370441629 {\n  width: 100%;\n}\n<\/style>\n\t<\/div>\n\t\n\n\n\t\t<\/div>\n\t\t\n<style>\n#col-2003234624 > .col-inner {\n  padding: 20px 20px 0px 20px;\n  margin: 0 0px 0px 0px;\n}\n<\/style>\n\t<\/div>\n\n\t\n\n\t<div id=\"col-1671339957\" class=\"col medium-6 small-12 large-5\"  >\n\t\t<div class=\"col-inner\"  >\n\t\t\t\n\t\t\t\n\n<h3>Mejor tarifa garantizada<\/h3>\n<p>LLas ventajas de reservar a trav\u00e9s de nuestra web oficial:<\/p>\n<ul>\n<li>El mejor precio garantizado<\/li>\n<li>Disponibilidad en tiempo real<\/li>\n<li>Pago seguro online<\/li>\n<li>Si ya no tiene disponibilidad en internet, no dude en contactarnos directamente <a href=\"tel:+33142720114\">+33 1 42 72 01 14<\/a>&nbsp;<\/li>\n<\/ul>\n\n\t\t<\/div>\n\t\t\n<style>\n#col-1671339957 > .col-inner {\n  padding: 0px 20px 0px 20px;\n  margin: 0 0px 0px 0px;\n}\n@media (min-width:550px) {\n  #col-1671339957 > .col-inner {\n    padding: 20px 20px 0px 20px;\n  }\n}\n@media (min-width:850px) {\n  #col-1671339957 > .col-inner {\n    padding: 20px 20px 20px 20px;\n  }\n}\n<\/style>\n\t<\/div>\n\n\t\n\n\t<div id=\"col-521152026\" class=\"col medium-12 small-12 large-2\"  >\n\t\t<div class=\"col-inner text-right\"  >\n\t\t\t\n\t\t\t\n\n<a rel=\"noopener noreferrer\" href=\"https:\/\/www.secure-hotel-booking.com\/hotel-vieux-saule\/2953\/dateselection?lang=ES\" target=\"_blank\" class=\"button secondary namastay-widget-button\"  style=\"border-radius:10px;\">\n    <span>Reservar<\/span>\n  <\/a>\n\n\n\n\t\t<\/div>\n\t\t\n<style>\n#col-521152026 > .col-inner {\n  padding: 0px 20px 0px 20px;\n}\n@media (min-width:850px) {\n  #col-521152026 > .col-inner {\n    padding: 20px 20px 20px 20px;\n  }\n}\n<\/style>\n\t<\/div>\n\n\t\n\n\n<style>\n#row-1032082826 > .col > .col-inner {\n  background-color: rgb(255,255,255);\n}\n<\/style>\n<\/div>\n\n\t\t<\/div>\n\t\t\n<style>\n#col-1415375672 > .col-inner {\n  margin: 180px 0px 0px 0px;\n}\n<\/style>\n\t<\/div>\n\n\t\n\n\n<style>\n#row-661739856 > .col > .col-inner {\n  background-color: rgb(255,255,255);\n}\n<\/style>\n<\/div>\n<div class=\"row row-collapse\"  id=\"row-525177569\">\n\n\n\t<div id=\"col-696595077\" class=\"col small-12 large-12\"  >\n\t\t<div class=\"col-inner\" style=\"background-color:rgb(255,255,255);\" >\n\t\t\t\n\t\t\t\n\n<div class=\"row row-small\"  id=\"row-1331531967\">\n\n\n\t<div id=\"col-1788977237\" class=\"col medium-6 small-12 large-5\"  >\n\t\t<div class=\"col-inner\" style=\"background-color:rgb(255,255,255);\" >\n\t\t\t\n\t\t\t\n\n\t<div class=\"img has-hover x md-x lg-x y md-y lg-y\" id=\"image_1983001808\">\n\t\t\t\t\t\t\t\t<div class=\"img-inner dark\" >\n\t\t\t<img decoding=\"async\" width=\"1020\" height=\"680\" src=\"https:\/\/www.hotelvieuxsaule.com\/wp-content\/uploads\/2021\/07\/hotel-du-vieux-saule-paris-pdj-4-1024x683.jpg\" class=\"attachment-large size-large\" alt=\"H\u00f4tel du Vieux Saule Paris\" srcset=\"https:\/\/www.hotelvieuxsaule.com\/wp-content\/uploads\/2021\/07\/hotel-du-vieux-saule-paris-pdj-4-1024x683.jpg 1024w, https:\/\/www.hotelvieuxsaule.com\/wp-content\/uploads\/2021\/07\/hotel-du-vieux-saule-paris-pdj-4-300x200.jpg 300w, https:\/\/www.hotelvieuxsaule.com\/wp-content\/uploads\/2021\/07\/hotel-du-vieux-saule-paris-pdj-4-768x512.jpg 768w, https:\/\/www.hotelvieuxsaule.com\/wp-content\/uploads\/2021\/07\/hotel-du-vieux-saule-paris-pdj-4.jpg 1500w\" sizes=\"(max-width: 1020px) 100vw, 1020px\" \/>\t\t\t\t\t\t\n\t\t\t\t\t<\/div>\n\t\t\t\t\t\t\t\t\n<style>\n#image_1983001808 {\n  width: 100%;\n}\n<\/style>\n\t<\/div>\n\t\n\n\n\t\t<\/div>\n\t\t\n<style>\n#col-1788977237 > .col-inner {\n  padding: 20px 20px 0px 20px;\n  margin: 0 0px 0px 0px;\n}\n<\/style>\n\t<\/div>\n\n\t\n\n\t<div id=\"col-1086585570\" class=\"col medium-6 small-12 large-5\"  >\n\t\t<div class=\"col-inner\"  >\n\t\t\t\n\t\t\t\n\n<h3>Desayuno incluido<\/h3>\n<p>Cancelaci\u00f3n gratuita antes del 07\/11\/2021. Si se cancela m\u00e1s tarde o en caso de no presentaci\u00f3n en el hotel, se facturar\u00e1 la primera noche sin los extras.:<\/p>\n\n\t\t<\/div>\n\t\t\n<style>\n#col-1086585570 > .col-inner {\n  padding: 0px 20px 0px 20px;\n  margin: 0 0px 0px 0px;\n}\n@media (min-width:550px) {\n  #col-1086585570 > .col-inner {\n    padding: 20px 20px 0px 20px;\n  }\n}\n@media (min-width:850px) {\n  #col-1086585570 > .col-inner {\n    padding: 20px 20px 20px 20px;\n  }\n}\n<\/style>\n\t<\/div>\n\n\t\n\n\t<div id=\"col-388137516\" class=\"col medium-12 small-12 large-2\"  >\n\t\t<div class=\"col-inner text-right\"  >\n\t\t\t\n\t\t\t\n\n<a rel=\"noopener noreferrer\" href=\"https:\/\/www.secure-hotel-booking.com\/hotel-vieux-saule\/2953\/dateselection?lang=ES\" target=\"_blank\" class=\"button secondary namastay-widget-button\"  style=\"border-radius:10px;\">\n    <span>Reservar<\/span>\n  <\/a>\n\n\n\n\t\t<\/div>\n\t\t\n<style>\n#col-388137516 > .col-inner {\n  padding: 0px 20px 0px 20px;\n}\n@media (min-width:850px) {\n  #col-388137516 > .col-inner {\n    padding: 20px 20px 20px 20px;\n  }\n}\n<\/style>\n\t<\/div>\n\n\t\n\n\n<style>\n#row-1331531967 > .col > .col-inner {\n  background-color: rgb(255,255,255);\n}\n<\/style>\n<\/div>\n\n\t\t<\/div>\n\t\t\n<style>\n#col-696595077 > .col-inner {\n  margin: 50px 0px 0px 0px;\n}\n<\/style>\n\t<\/div>\n\n\t\n\n\n<style>\n#row-525177569 > .col > .col-inner {\n  background-color: rgb(255,255,255);\n}\n<\/style>\n<\/div>\n\n\t\t<\/div>\n\n\t\t\n<style>\n#section_1220099881 {\n  padding-top: 30px;\n  padding-bottom: 30px;\n}\n<\/style>\n\t<\/section>\n\t\n\n","protected":false},"excerpt":{"rendered":"","protected":false},"author":1,"featured_media":0,"parent":0,"menu_order":0,"comment_status":"closed","ping_status":"open","template":"page-transparent-header.php","meta":{"footnotes":""},"class_list":["post-272","page","type-page","status-publish","hentry"],"yoast_head":"<!-- This site is optimized with the Yoast SEO plugin v22.2 - https:\/\/yoast.com\/wordpress\/plugins\/seo\/ -->\n<title>Ofertas especiales del hotel du Vieux Saule Par\u00eds, distrito de Marais<\/title>\n<meta name=\"description\" content=\"Hotel du Vieux Saule Par\u00eds con su fachada florida y su bonita iluminaci\u00f3n bicolor, recibe a sus hu\u00e9spedes en un ambiente \u00edntimo y elegante.\" \/>\n<meta name=\"robots\" content=\"index, follow, max-snippet:-1, max-image-preview:large, max-video-preview:-1\" \/>\n<link rel=\"canonical\" href=\"https:\/\/www.hotelvieuxsaule.com\/es\/ofertas-especiales\/\" \/>\n<meta property=\"og:locale\" content=\"es_ES\" \/>\n<meta property=\"og:type\" content=\"article\" \/>\n<meta property=\"og:title\" content=\"Ofertas especiales del hotel du Vieux Saule Par\u00eds, distrito de Marais\" \/>\n<meta property=\"og:description\" content=\"Hotel du Vieux Saule Par\u00eds con su fachada florida y su bonita iluminaci\u00f3n bicolor, recibe a sus hu\u00e9spedes en un ambiente \u00edntimo y elegante.\" \/>\n<meta property=\"og:url\" content=\"https:\/\/www.hotelvieuxsaule.com\/es\/ofertas-especiales\/\" \/>\n<meta property=\"og:site_name\" content=\"H\u00f4tel du VIeux Saule\" \/>\n<meta property=\"article:modified_time\" content=\"2024-04-16T16:47:38+00:00\" \/>\n<meta name=\"twitter:card\" content=\"summary_large_image\" \/>\n<meta name=\"twitter:label1\" content=\"Tiempo de lectura\" \/>\n\t<meta name=\"twitter:data1\" content=\"2 minutos\" \/>\n<script type=\"application\/ld+json\" class=\"yoast-schema-graph\">{\"@context\":\"https:\/\/schema.org\",\"@graph\":[{\"@type\":\"WebPage\",\"@id\":\"https:\/\/www.hotelvieuxsaule.com\/es\/ofertas-especiales\/\",\"url\":\"https:\/\/www.hotelvieuxsaule.com\/es\/ofertas-especiales\/\",\"name\":\"Ofertas especiales del hotel du Vieux Saule Par\u00eds, distrito de Marais\",\"isPartOf\":{\"@id\":\"https:\/\/www.hotelvieuxsaule.com\/#website\"},\"datePublished\":\"2021-07-12T11:37:07+00:00\",\"dateModified\":\"2024-04-16T16:47:38+00:00\",\"description\":\"Hotel du Vieux Saule Par\u00eds con su fachada florida y su bonita iluminaci\u00f3n bicolor, recibe a sus hu\u00e9spedes en un ambiente \u00edntimo y elegante.\",\"breadcrumb\":{\"@id\":\"https:\/\/www.hotelvieuxsaule.com\/es\/ofertas-especiales\/#breadcrumb\"},\"inLanguage\":\"es\",\"potentialAction\":[{\"@type\":\"ReadAction\",\"target\":[\"https:\/\/www.hotelvieuxsaule.com\/es\/ofertas-especiales\/\"]}]},{\"@type\":\"BreadcrumbList\",\"@id\":\"https:\/\/www.hotelvieuxsaule.com\/es\/ofertas-especiales\/#breadcrumb\",\"itemListElement\":[{\"@type\":\"ListItem\",\"position\":1,\"name\":\"Accueil\",\"item\":\"https:\/\/www.hotelvieuxsaule.com\/es\/\"},{\"@type\":\"ListItem\",\"position\":2,\"name\":\"Offres sp\u00e9ciales\"}]},{\"@type\":\"WebSite\",\"@id\":\"https:\/\/www.hotelvieuxsaule.com\/#website\",\"url\":\"https:\/\/www.hotelvieuxsaule.com\/\",\"name\":\"H\u00f4tel du VIeux Saule\",\"description\":\"H\u00f4tel 3 \u00e9toiles proche Paris Marais - Place des Vosges\",\"potentialAction\":[{\"@type\":\"SearchAction\",\"target\":{\"@type\":\"EntryPoint\",\"urlTemplate\":\"https:\/\/www.hotelvieuxsaule.com\/?s={search_term_string}\"},\"query-input\":\"required name=search_term_string\"}],\"inLanguage\":\"es\"}]}<\/script>\n<!-- \/ Yoast SEO plugin. -->","yoast_head_json":{"title":"Ofertas especiales del hotel du Vieux Saule Par\u00eds, distrito de Marais","description":"Hotel du Vieux Saule Par\u00eds con su fachada florida y su bonita iluminaci\u00f3n bicolor, recibe a sus hu\u00e9spedes en un ambiente \u00edntimo y elegante.","robots":{"index":"index","follow":"follow","max-snippet":"max-snippet:-1","max-image-preview":"max-image-preview:large","max-video-preview":"max-video-preview:-1"},"canonical":"https:\/\/www.hotelvieuxsaule.com\/es\/ofertas-especiales\/","og_locale":"es_ES","og_type":"article","og_title":"Ofertas especiales del hotel du Vieux Saule Par\u00eds, distrito de Marais","og_description":"Hotel du Vieux Saule Par\u00eds con su fachada florida y su bonita iluminaci\u00f3n bicolor, recibe a sus hu\u00e9spedes en un ambiente \u00edntimo y elegante.","og_url":"https:\/\/www.hotelvieuxsaule.com\/es\/ofertas-especiales\/","og_site_name":"H\u00f4tel du VIeux Saule","article_modified_time":"2024-04-16T16:47:38+00:00","twitter_card":"summary_large_image","twitter_misc":{"Tiempo de lectura":"2 minutos"},"schema":{"@context":"https:\/\/schema.org","@graph":[{"@type":"WebPage","@id":"https:\/\/www.hotelvieuxsaule.com\/es\/ofertas-especiales\/","url":"https:\/\/www.hotelvieuxsaule.com\/es\/ofertas-especiales\/","name":"Ofertas especiales del hotel du Vieux Saule Par\u00eds, distrito de Marais","isPartOf":{"@id":"https:\/\/www.hotelvieuxsaule.com\/#website"},"datePublished":"2021-07-12T11:37:07+00:00","dateModified":"2024-04-16T16:47:38+00:00","description":"Hotel du Vieux Saule Par\u00eds con su fachada florida y su bonita iluminaci\u00f3n bicolor, recibe a sus hu\u00e9spedes en un ambiente \u00edntimo y elegante.","breadcrumb":{"@id":"https:\/\/www.hotelvieuxsaule.com\/es\/ofertas-especiales\/#breadcrumb"},"inLanguage":"es","potentialAction":[{"@type":"ReadAction","target":["https:\/\/www.hotelvieuxsaule.com\/es\/ofertas-especiales\/"]}]},{"@type":"BreadcrumbList","@id":"https:\/\/www.hotelvieuxsaule.com\/es\/ofertas-especiales\/#breadcrumb","itemListElement":[{"@type":"ListItem","position":1,"name":"Accueil","item":"https:\/\/www.hotelvieuxsaule.com\/es\/"},{"@type":"ListItem","position":2,"name":"Offres sp\u00e9ciales"}]},{"@type":"WebSite","@id":"https:\/\/www.hotelvieuxsaule.com\/#website","url":"https:\/\/www.hotelvieuxsaule.com\/","name":"H\u00f4tel du VIeux Saule","description":"H\u00f4tel 3 \u00e9toiles proche Paris Marais - Place des Vosges","potentialAction":[{"@type":"SearchAction","target":{"@type":"EntryPoint","urlTemplate":"https:\/\/www.hotelvieuxsaule.com\/?s={search_term_string}"},"query-input":"required name=search_term_string"}],"inLanguage":"es"}]}},"_links":{"self":[{"href":"https:\/\/www.hotelvieuxsaule.com\/es\/wp-json\/wp\/v2\/pages\/272","targetHints":{"allow":["GET"]}}],"collection":[{"href":"https:\/\/www.hotelvieuxsaule.com\/es\/wp-json\/wp\/v2\/pages"}],"about":[{"href":"https:\/\/www.hotelvieuxsaule.com\/es\/wp-json\/wp\/v2\/types\/page"}],"author":[{"embeddable":true,"href":"https:\/\/www.hotelvieuxsaule.com\/es\/wp-json\/wp\/v2\/users\/1"}],"replies":[{"embeddable":true,"href":"https:\/\/www.hotelvieuxsaule.com\/es\/wp-json\/wp\/v2\/comments?post=272"}],"version-history":[{"count":3,"href":"https:\/\/www.hotelvieuxsaule.com\/es\/wp-json\/wp\/v2\/pages\/272\/revisions"}],"predecessor-version":[{"id":978,"href":"https:\/\/www.hotelvieuxsaule.com\/es\/wp-json\/wp\/v2\/pages\/272\/revisions\/978"}],"wp:attachment":[{"href":"https:\/\/www.hotelvieuxsaule.com\/es\/wp-json\/wp\/v2\/media?parent=272"}],"curies":[{"name":"wp","href":"https:\/\/api.w.org\/{rel}","templated":true}]}}